{"id":2339,"date":"2025-08-07T02:55:20","date_gmt":"2025-08-07T02:55:20","guid":{"rendered":"https:\/\/kusyhampina.com\/?post_type=product&#038;p=2339"},"modified":"2025-11-17T03:31:17","modified_gmt":"2025-11-17T03:31:17","slug":"indigenous-medicine-school","status":"publish","type":"product","link":"https:\/\/kusyhampina.com\/es\/producto\/indigenous-medicine-school\/","title":{"rendered":"Escuela<br>Medicina Ind\u00edgena"},"content":{"rendered":"\t\t<div data-elementor-type=\"wp-post\" data-elementor-id=\"2339\" class=\"elementor elementor-2339\" data-elementor-post-type=\"product\">\n\t\t\t\t<div class=\"wd-negative-gap elementor-element elementor-element-2166202 e-flex e-con-boxed e-con e-parent\" data-id=\"2166202\" data-element_type=\"container\" data-e-type=\"container\">\n\t\t\t\t\t<div class=\"e-con-inner\">\n\t\t<div class=\"elementor-element elementor-element-18b7e44 e-con-full e-flex e-con e-child\" data-id=\"18b7e44\" data-element_type=\"container\" data-e-type=\"container\">\n\t\t\t\t<div class=\"elementor-element elementor-element-87449b7 wd-width-100 elementor-widget elementor-widget-wd_title\" data-id=\"87449b7\" data-element_type=\"widget\" data-e-type=\"widget\" data-widget_type=\"wd_title.default\">\n\t\t\t\t<div class=\"elementor-widget-container\">\n\t\t\t\t\t\t\t<div class=\"title-wrapper wd-set-mb reset-last-child wd-title-color-default wd-title-style-default wd-title-size-large text-left\">\n\n\t\t\t\n\t\t\t<div class=\"liner-continer\">\n\t\t\t\t<h4 class=\"woodmart-title-container title wd-fontsize-xxl\">Escuela  de Medicina Ind\u00edgena<\/h4> \n\t\t\t\t\t\t\t<\/div>\n\n\t\t\t\t\t<\/div>\n\t\t\t\t\t\t<\/div>\n\t\t\t\t<\/div>\n\t\t\t\t<div class=\"elementor-element elementor-element-f41c1f7 elementor-widget elementor-widget-heading\" data-id=\"f41c1f7\" data-element_type=\"widget\" data-e-type=\"widget\" data-widget_type=\"heading.default\">\n\t\t\t\t<div class=\"elementor-widget-container\">\n\t\t\t\t\t<h2 class=\"elementor-heading-title elementor-size-default\">Descripci\u00f3n<\/h2>\t\t\t\t<\/div>\n\t\t\t\t<\/div>\n\t\t\t\t<div class=\"elementor-element elementor-element-6a7e1fa color-scheme-inherit text-left elementor-widget elementor-widget-text-editor\" data-id=\"6a7e1fa\" data-element_type=\"widget\" data-e-type=\"widget\" data-widget_type=\"text-editor.default\">\n\t\t\t\t<div class=\"elementor-widget-container\">\n\t\t\t\t\t\t\t\t\t<p><span style=\"font-weight: 400;\">Hemos trabajado durante los \u00faltimos 20 a\u00f1os con una comunidad ind\u00edgena desplazada de la Amazon\u00eda peruana, la comunidad Shipibo-Konibo, con la que hemos logrado organizar y conformar un equipo central de sanadores tradicionales. Actualmente, estos ind\u00edgenas est\u00e1n reconocidos, est\u00e1n bien formados, organizados y producen diversos productos terap\u00e9uticos a partir de su propia cultura.<\/span><\/p><p><span style=\"font-weight: 400;\">Uno de los proyectos logrados fue una beca titulada \u00abDesarrollar un nuevo parche transd\u00e9rmico de psilocibina para el tratamiento de la depresi\u00f3n\u00bb, otorgada por Harvard H2 LAB (Harvard Innovation Health Lab), desarrollada entre mayo de 2022 y marzo de 2023.<\/span><\/p><p><span style=\"font-weight: 400;\">Tambi\u00e9n hemos formado y constituido un grupo de sanadores tradicionales quechuas en la Botica Tradicional Quechua con la comunidad de Taray\/Pisac, donde actualmente hemos desarrollado 14 f\u00f3rmulas terap\u00e9uticas, ya estudiadas, probadas y en fase de comercializaci\u00f3n, todas derivadas de la hoja de coca. El respaldo acad\u00e9mico de este proyecto proviene de una instituci\u00f3n educativa llamada Kusy Kawsay, reconocida con una beca de la UNESCO en 2023 como Mejor Proyecto Educativo Ind\u00edgena.<\/span><\/p><p><span style=\"font-weight: 400;\">Hemos iniciado coordinaciones y posibles alianzas con l\u00edderes ind\u00edgenas en Estados Unidos para obtener apoyo en los siguientes pasos de nuestra Botica ind\u00edgena quechua basada en derivados de la hoja de coca.<\/span><\/p>\t\t\t\t\t\t\t\t<\/div>\n\t\t\t\t<\/div>\n\t\t\t\t<div class=\"elementor-element elementor-element-49ab19b elementor-widget elementor-widget-heading\" data-id=\"49ab19b\" data-element_type=\"widget\" data-e-type=\"widget\" data-widget_type=\"heading.default\">\n\t\t\t\t<div class=\"elementor-widget-container\">\n\t\t\t\t\t<h2 class=\"elementor-heading-title elementor-size-default\">Objetivos<\/h2>\t\t\t\t<\/div>\n\t\t\t\t<\/div>\n\t\t\t\t<div class=\"elementor-element elementor-element-e1e0a80 color-scheme-inherit text-left elementor-widget elementor-widget-text-editor\" data-id=\"e1e0a80\" data-element_type=\"widget\" data-e-type=\"widget\" data-widget_type=\"text-editor.default\">\n\t\t\t\t<div class=\"elementor-widget-container\">\n\t\t\t\t\t\t\t\t\t<ul><li style=\"font-weight: 400;\" aria-level=\"1\"><span style=\"font-weight: 400;\">Establecer una red colaborativa de portadores de saberes ind\u00edgenas para facilitar el intercambio de conocimientos.<\/span><span style=\"font-weight: 400;\"><br \/><\/span><\/li><li style=\"font-weight: 400;\" aria-level=\"1\"><span style=\"font-weight: 400;\">Aprender lecciones valiosas a partir de experiencias diversas, como las de India, Whole Foods, farmacias herbales en Am\u00e9rica Latina y el Caribe, y farmacias mapuches en Temuco.<\/span><span style=\"font-weight: 400;\"><br \/><\/span><\/li><li style=\"font-weight: 400;\" aria-level=\"1\"><span style=\"font-weight: 400;\">Iniciar el apoyo a farmacias ind\u00edgenas basadas en los principios del Protocolo de Nagoya.<\/span><span style=\"font-weight: 400;\"><br \/><\/span><\/li><li style=\"font-weight: 400;\" aria-level=\"1\"><span style=\"font-weight: 400;\">Facilitar el di\u00e1logo con agencias regulatorias para una integraci\u00f3n m\u00e1s fluida.<\/span><\/li><\/ul>\t\t\t\t\t\t\t\t<\/div>\n\t\t\t\t<\/div>\n\t\t\t\t<\/div>\n\t\t<div class=\"elementor-element elementor-element-761a562 e-con-full e-flex e-con e-child\" data-id=\"761a562\" data-element_type=\"container\" data-e-type=\"container\">\n\t\t\t\t<div class=\"elementor-element elementor-element-d9c4634 elementor-widget elementor-widget-wd_image_or_svg\" data-id=\"d9c4634\" data-element_type=\"widget\" data-e-type=\"widget\" data-widget_type=\"wd_image_or_svg.default\">\n\t\t\t\t<div class=\"elementor-widget-container\">\n\t\t\t\t\t\n\t\t<div class=\"wd-image text-left\">\n\t\t\t\t\t\t\t\t<img decoding=\"async\" width=\"1408\" height=\"768\" data-src=\"https:\/\/kusyhampina.com\/wp-content\/uploads\/2025\/08\/Whisk_35548daf08.jpg\" class=\"attachment-full size-full lazyload\" alt=\"\" data-srcset=\"https:\/\/kusyhampina.com\/wp-content\/uploads\/2025\/08\/Whisk_35548daf08.jpg 1408w, https:\/\/kusyhampina.com\/wp-content\/uploads\/2025\/08\/Whisk_35548daf08-430x235.jpg 430w, https:\/\/kusyhampina.com\/wp-content\/uploads\/2025\/08\/Whisk_35548daf08-190x104.jpg 190w, https:\/\/kusyhampina.com\/wp-content\/uploads\/2025\/08\/Whisk_35548daf08-700x382.jpg 700w, https:\/\/kusyhampina.com\/wp-content\/uploads\/2025\/08\/Whisk_35548daf08-400x218.jpg 400w, https:\/\/kusyhampina.com\/wp-content\/uploads\/2025\/08\/Whisk_35548daf08-1300x709.jpg 1300w, https:\/\/kusyhampina.com\/wp-content\/uploads\/2025\/08\/Whisk_35548daf08-768x419.jpg 768w\" data-sizes=\"(max-width: 1408px) 100vw, 1408px\" src=\"data:image\/gif;base64,R0lGODlhAQABAAAAACH5BAEKAAEALAAAAAABAAEAAAICTAEAOw==\" style=\"--smush-placeholder-width: 1408px; --smush-placeholder-aspect-ratio: 1408\/768;\" \/>\t\t\t\t\t<\/div>\n\n\t\t\t\t\t\t<\/div>\n\t\t\t\t<\/div>\n\t\t\t\t<div class=\"elementor-element elementor-element-c4a87f4 elementor-widget elementor-widget-heading\" data-id=\"c4a87f4\" data-element_type=\"widget\" data-e-type=\"widget\" data-widget_type=\"heading.default\">\n\t\t\t\t<div class=\"elementor-widget-container\">\n\t\t\t\t\t<h2 class=\"elementor-heading-title elementor-size-default\">Incluye<\/h2>\t\t\t\t<\/div>\n\t\t\t\t<\/div>\n\t\t\t\t<div class=\"elementor-element elementor-element-748449e color-scheme-inherit text-left elementor-widget elementor-widget-text-editor\" data-id=\"748449e\" data-element_type=\"widget\" data-e-type=\"widget\" data-widget_type=\"text-editor.default\">\n\t\t\t\t<div class=\"elementor-widget-container\">\n\t\t\t\t\t\t\t\t\t<p><span style=\"font-weight: 400;\">La pr\u00e1ctica de la medicina ind\u00edgena ancestral, usando los recursos del saber de la misma por parte de sanadores urbanos neo formados, es cada vez m\u00e1s frecuente -definiremos a estos como personas que por voluntad propia deciden aprender la medicina andina o ind\u00edgena, seg\u00fan sea el caso, de manera autodidacta con escaso soporte cultural por parte de las culturas originarias- ha devenido en la creaci\u00f3n de un denominado neo-chamanismo como pr\u00e1ctica religiosa y espiritual, pero al mismo tiempo las\u00a0 nuevas instancias del neo-chamanismo y su difusi\u00f3n planetaria debe ser incluidas como una\u00a0 parte del movimiento \u201cAltermundista\u201d, que tambi\u00e9n es hijo de la globalizaci\u00f3n.<\/span><\/p><p><span style=\"font-weight: 400;\">Gracias a la reivindicaci\u00f3n de la identidad ind\u00edgena, los \u00abneo-chamanes\u00bb encuentran una posici\u00f3n de visibilidad que viene acogida y captada con particular atenci\u00f3n en Europa.<\/span><\/p><p><span style=\"font-weight: 400;\">Lo que se presenta a los occidentales en la b\u00fasqueda del chamanismo es una tradici\u00f3n que se desarrolla en un tiempo m\u00edtico, lamentablemente perdido, donde la figura del cham\u00e1n se constituye como el eslab\u00f3n entre este espacio perdido y el presente. Todo este complejo entorno se ve materializado en varios pa\u00edses de Am\u00e9rica Latina bajo diversas formas, en nuestro caso analizaremos la din\u00e1mica de la relaci\u00f3n entre curanderos, chamanes y usuarios, tal como se presenta en el mercado de abastos de recursos terap\u00e9uticos de la medicina tradicional peruana.<\/span><\/p>\t\t\t\t\t\t\t\t<\/div>\n\t\t\t\t<\/div>\n\t\t\t\t<\/div>\n\t\t\t\t\t<\/div>\n\t\t\t\t<\/div>\n\t\t\t\t<\/div>\n\t\t","protected":false},"excerpt":{"rendered":"<p><span style=\"font-weight: 400;\">Lo que se presenta a los occidentales en la b\u00fasqueda del chamanismo es una tradici\u00f3n que se desarrolla en un tiempo m\u00edtico, lamentablemente perdido, donde la figura del cham\u00e1n se constituye como el eslab\u00f3n entre este espacio perdido y el presente. Todo este complejo entorno se ve materializado en varios pa\u00edses de Am\u00e9rica Latina bajo diversas formas, en nuestro caso analizaremos la din\u00e1mica de la relaci\u00f3n entre curanderos, chamanes y usuarios, tal como se presenta en el mercado de abastos de recursos terap\u00e9uticos de la medicina tradicional peruana.<\/span><\/p>\n","protected":false},"featured_media":2346,"comment_status":"open","ping_status":"closed","template":"elementor_canvas","meta":[],"product_brand":[],"product_cat":[52],"product_tag":[],"class_list":{"0":"post-2339","1":"product","2":"type-product","3":"status-publish","4":"has-post-thumbnail","6":"product_cat-ceremonias","8":"first","9":"instock","10":"virtual","11":"sold-individually","12":"purchasable","13":"product-type-simple"},"aioseo_notices":[],"_links":{"self":[{"href":"https:\/\/kusyhampina.com\/es\/wp-json\/wp\/v2\/product\/2339","targetHints":{"allow":["GET"]}}],"collection":[{"href":"https:\/\/kusyhampina.com\/es\/wp-json\/wp\/v2\/product"}],"about":[{"href":"https:\/\/kusyhampina.com\/es\/wp-json\/wp\/v2\/types\/product"}],"replies":[{"embeddable":true,"href":"https:\/\/kusyhampina.com\/es\/wp-json\/wp\/v2\/comments?post=2339"}],"version-history":[{"count":17,"href":"https:\/\/kusyhampina.com\/es\/wp-json\/wp\/v2\/product\/2339\/revisions"}],"predecessor-version":[{"id":2975,"href":"https:\/\/kusyhampina.com\/es\/wp-json\/wp\/v2\/product\/2339\/revisions\/2975"}],"wp:featuredmedia":[{"embeddable":true,"href":"https:\/\/kusyhampina.com\/es\/wp-json\/wp\/v2\/media\/2346"}],"wp:attachment":[{"href":"https:\/\/kusyhampina.com\/es\/wp-json\/wp\/v2\/media?parent=2339"}],"wp:term":[{"taxonomy":"product_brand","embeddable":true,"href":"https:\/\/kusyhampina.com\/es\/wp-json\/wp\/v2\/product_brand?post=2339"},{"taxonomy":"product_cat","embeddable":true,"href":"https:\/\/kusyhampina.com\/es\/wp-json\/wp\/v2\/product_cat?post=2339"},{"taxonomy":"product_tag","embeddable":true,"href":"https:\/\/kusyhampina.com\/es\/wp-json\/wp\/v2\/product_tag?post=2339"}],"curies":[{"name":"wp","href":"https:\/\/api.w.org\/{rel}","templated":true}]}}