{"id":999,"date":"2025-04-15T03:13:35","date_gmt":"2025-04-15T03:13:35","guid":{"rendered":"https:\/\/kusyhampina.com\/?page_id=999"},"modified":"2025-11-17T01:26:26","modified_gmt":"2025-11-17T01:26:26","slug":"sobre-nosotros","status":"publish","type":"page","link":"https:\/\/kusyhampina.com\/es\/sobre-nosotros\/","title":{"rendered":"Sobre Nosotros"},"content":{"rendered":"\t\t<div data-elementor-type=\"wp-page\" data-elementor-id=\"999\" class=\"elementor elementor-999\" data-elementor-post-type=\"page\">\n\t\t\t\t<div class=\"wd-negative-gap elementor-element elementor-element-8eb4b19 e-flex e-con-boxed e-con e-parent\" data-id=\"8eb4b19\" data-element_type=\"container\" data-e-type=\"container\">\n\t\t\t\t\t<div class=\"e-con-inner\">\n\t\t\t\t<div class=\"elementor-element elementor-element-9a48e7c animated-slow elementor-invisible elementor-widget elementor-widget-wd_image_or_svg\" data-id=\"9a48e7c\" data-element_type=\"widget\" data-e-type=\"widget\" data-settings=\"{&quot;_animation&quot;:&quot;fadeIn&quot;}\" data-widget_type=\"wd_image_or_svg.default\">\n\t\t\t\t<div class=\"elementor-widget-container\">\n\t\t\t\t\t\n\t\t<div class=\"wd-image text-center\">\n\t\t\t\t\t\t\t\t<img decoding=\"async\" width=\"1408\" height=\"600\" data-src=\"https:\/\/kusyhampina.com\/wp-content\/uploads\/2025\/06\/Whisk_12e144e4a9-e1749887197809.png\" class=\"attachment-full size-full lazyload\" alt=\"\" data-srcset=\"https:\/\/kusyhampina.com\/wp-content\/uploads\/2025\/06\/Whisk_12e144e4a9-e1749887197809.png 1408w, https:\/\/kusyhampina.com\/wp-content\/uploads\/2025\/06\/Whisk_12e144e4a9-e1749887197809-430x183.png 430w, https:\/\/kusyhampina.com\/wp-content\/uploads\/2025\/06\/Whisk_12e144e4a9-e1749887197809-190x81.png 190w, https:\/\/kusyhampina.com\/wp-content\/uploads\/2025\/06\/Whisk_12e144e4a9-e1749887197809-700x298.png 700w, https:\/\/kusyhampina.com\/wp-content\/uploads\/2025\/06\/Whisk_12e144e4a9-e1749887197809-400x170.png 400w, https:\/\/kusyhampina.com\/wp-content\/uploads\/2025\/06\/Whisk_12e144e4a9-e1749887197809-1300x554.png 1300w, https:\/\/kusyhampina.com\/wp-content\/uploads\/2025\/06\/Whisk_12e144e4a9-e1749887197809-768x327.png 768w\" data-sizes=\"(max-width: 1408px) 100vw, 1408px\" src=\"data:image\/gif;base64,R0lGODlhAQABAAAAACH5BAEKAAEALAAAAAABAAEAAAICTAEAOw==\" style=\"--smush-placeholder-width: 1408px; --smush-placeholder-aspect-ratio: 1408\/600;\" \/>\t\t\t\t\t<\/div>\n\n\t\t\t\t\t\t<\/div>\n\t\t\t\t<\/div>\n\t\t\t\t\t<\/div>\n\t\t\t\t<\/div>\n\t\t<div class=\"wd-negative-gap elementor-element elementor-element-0e3d353 e-flex e-con-boxed e-con e-parent\" data-id=\"0e3d353\" data-element_type=\"container\" data-e-type=\"container\">\n\t\t\t\t\t<div class=\"e-con-inner\">\n\t\t<div class=\"elementor-element elementor-element-72b789f e-con-full e-flex e-con e-child\" data-id=\"72b789f\" data-element_type=\"container\" data-e-type=\"container\">\n\t\t\t\t<div class=\"elementor-element elementor-element-02f788a wd-width-100 elementor-widget elementor-widget-wd_title\" data-id=\"02f788a\" data-element_type=\"widget\" data-e-type=\"widget\" data-widget_type=\"wd_title.default\">\n\t\t\t\t<div class=\"elementor-widget-container\">\n\t\t\t\t\t\t\t<div class=\"title-wrapper wd-set-mb reset-last-child wd-title-color-default wd-title-style-default wd-title-size-default text-center\">\n\n\t\t\t\n\t\t\t<div class=\"liner-continer\">\n\t\t\t\t<h4 class=\"woodmart-title-container title wd-fontsize-l\">Sobre  Escuela de Medicina Indigena <br \/>\nKusy Hampina <\/h4> \n\t\t\t\t\t\t\t<\/div>\n\n\t\t\t\t\t<\/div>\n\t\t\t\t\t\t<\/div>\n\t\t\t\t<\/div>\n\t\t\t\t<div class=\"elementor-element elementor-element-3c0720f color-scheme-inherit text-left elementor-widget elementor-widget-text-editor\" data-id=\"3c0720f\" data-element_type=\"widget\" data-e-type=\"widget\" data-widget_type=\"text-editor.default\">\n\t\t\t\t<div class=\"elementor-widget-container\">\n\t\t\t\t\t\t\t\t\t<h3 style=\"text-align: center;\"><span style=\"font-weight: 400;\">Ofrecemos un espacio para explorar las plantas medicinales tradicionales y sus usos. Tenemos varios servicios y propuestas centradas en la salud hol\u00edstica y en enfoques comunitarios del bienestar, a menudo incorporando pr\u00e1cticas y conocimientos tradicionales.<\/span><\/h3><p data-start=\"90\" data-end=\"451\">Somos una comunidad de medicina, cultura ind\u00edgena, lugar de di\u00e1logo, encuentro y sanaci\u00f3n donde practicamos medicina ind\u00edgena, ofrecemos sesiones de medicina f\u00edsica y mental con enfoque hol\u00edstico y centrados en la persona y en curar el trauma con un enfoque de bienestar integral para la mente, el cuerpo y el esp\u00edritu. Escuela de Medicina Ind\u00edgena es un espacio f\u00edsico y virtual que le ofrece la oportunidad de explorar las bondades de la medicina ancestral del Per\u00fa y tambi\u00e9n aprender de ellas. Tenemos una variedad de servicios, desde farmacias ind\u00edgenas, consulta m\u00e9dica ancestral y tambi\u00e9n moderna, terapia psicol\u00f3gica, retiros y sesiones con sabios ancestrales ind\u00edgenas de diversas tradiciones como son Quechua, Aymara, Shipibo Konibo.<br \/>Kusy Hampina Wasy es el primer centro de medicina alternativa de la comunidad que puedes disfrutar, adem\u00e1s de una farmacia naturista abastecida con productos para el bienestar, incluyendo una botica tradicional quechua con m\u00e1s de 100 productos de hojas de coca, entre otras hierbas tradicionales para curar tus cuerpos f\u00edsico, mental y espiritual.<\/p>\t\t\t\t\t\t\t\t<\/div>\n\t\t\t\t<\/div>\n\t\t\t\t<\/div>\n\t\t<div class=\"elementor-element elementor-element-7dfc860 e-con-full e-flex e-con e-child\" data-id=\"7dfc860\" data-element_type=\"container\" data-e-type=\"container\">\n\t\t\t\t<div class=\"elementor-element elementor-element-8c7cc0b elementor-widget elementor-widget-spacer\" data-id=\"8c7cc0b\" data-element_type=\"widget\" data-e-type=\"widget\" data-widget_type=\"spacer.default\">\n\t\t\t\t<div class=\"elementor-widget-container\">\n\t\t\t\t\t\t\t<div class=\"elementor-spacer\">\n\t\t\t<div class=\"elementor-spacer-inner\"><\/div>\n\t\t<\/div>\n\t\t\t\t\t\t<\/div>\n\t\t\t\t<\/div>\n\t\t\t\t<div class=\"elementor-element elementor-element-b4ef28b color-scheme-inherit text-left elementor-widget elementor-widget-text-editor\" data-id=\"b4ef28b\" data-element_type=\"widget\" data-e-type=\"widget\" data-widget_type=\"text-editor.default\">\n\t\t\t\t<div class=\"elementor-widget-container\">\n\t\t\t\t\t\t\t\t\t<p><span style=\"font-style: normal; font-variant-ligatures: normal; font-variant-caps: normal; font-weight: 500; font-family: SatoshiVariable, Arial, Helvetica, sans-serif; font-size: 16px;\">El centro tambi\u00e9n incluye un Centro de Estudios de Enfermedades Tropicales, un lugar arqueol\u00f3gico donde puedes orar por sanaci\u00f3n. Lleva a casa todo tipo de remedios naturales como ung\u00fcentos, t\u00e9s, aceites, parches y compuestos herbales preparados seg\u00fan la antigua sabidur\u00eda ind\u00edgena.<\/span><\/p><p style=\"margin-bottom: 20px; font-style: normal; font-variant-ligatures: normal; font-variant-caps: normal; font-weight: 500; font-family: SatoshiVariable, Arial, Helvetica, sans-serif; font-size: 16px;\" data-start=\"1028\" data-end=\"1764\">Nuestra Escuela de Medicina Ind\u00edgena ofrece un espacio para explorar las plantas medicinales tradicionales, la botica de medicina tradicional, sesiones con plantas sagradas, clases, retiros y sus usos. Adem\u00e1s, aqu\u00ed puedes comprar un espacio para uno de nuestros retiros o sesiones con plantas sagradas, utilizando varios ejemplos de medicina ind\u00edgena que se enfocan en la salud hol\u00edstica y enfoques comunitarios del bienestar, incorporando frecuentemente pr\u00e1cticas y conocimientos tradicionales.<\/p>\t\t\t\t\t\t\t\t<\/div>\n\t\t\t\t<\/div>\n\t\t\t\t<div class=\"elementor-element elementor-element-7206390 elementor-widget elementor-widget-wd_image_or_svg\" data-id=\"7206390\" data-element_type=\"widget\" data-e-type=\"widget\" data-widget_type=\"wd_image_or_svg.default\">\n\t\t\t\t<div class=\"elementor-widget-container\">\n\t\t\t\t\t\n\t\t<div class=\"wd-image text-center\">\n\t\t\t\t\t\t\t\t<img decoding=\"async\" width=\"768\" height=\"512\" data-src=\"https:\/\/kusyhampina.com\/wp-content\/uploads\/2025\/06\/Foto-ISP-MINSAL-Chile-768x512.jpg\" class=\"attachment-medium_large size-medium_large lazyload\" alt=\"\" data-srcset=\"https:\/\/kusyhampina.com\/wp-content\/uploads\/2025\/06\/Foto-ISP-MINSAL-Chile-768x512.jpg 768w, https:\/\/kusyhampina.com\/wp-content\/uploads\/2025\/06\/Foto-ISP-MINSAL-Chile-430x287.jpg 430w, https:\/\/kusyhampina.com\/wp-content\/uploads\/2025\/06\/Foto-ISP-MINSAL-Chile-190x127.jpg 190w, https:\/\/kusyhampina.com\/wp-content\/uploads\/2025\/06\/Foto-ISP-MINSAL-Chile-700x467.jpg 700w, https:\/\/kusyhampina.com\/wp-content\/uploads\/2025\/06\/Foto-ISP-MINSAL-Chile-400x267.jpg 400w, https:\/\/kusyhampina.com\/wp-content\/uploads\/2025\/06\/Foto-ISP-MINSAL-Chile-1200x800.jpg 1200w, https:\/\/kusyhampina.com\/wp-content\/uploads\/2025\/06\/Foto-ISP-MINSAL-Chile.jpg 1536w\" data-sizes=\"(max-width: 768px) 100vw, 768px\" src=\"data:image\/gif;base64,R0lGODlhAQABAAAAACH5BAEKAAEALAAAAAABAAEAAAICTAEAOw==\" style=\"--smush-placeholder-width: 768px; --smush-placeholder-aspect-ratio: 768\/512;\" \/>\t\t\t\t\t<\/div>\n\n\t\t\t\t\t\t<\/div>\n\t\t\t\t<\/div>\n\t\t\t\t<\/div>\n\t\t\t\t\t<\/div>\n\t\t\t\t<\/div>\n\t\t<div class=\"wd-negative-gap elementor-element elementor-element-ca3259d e-flex e-con-boxed e-con e-parent\" data-id=\"ca3259d\" data-element_type=\"container\" data-e-type=\"container\">\n\t\t\t\t\t<div class=\"e-con-inner\">\n\t\t\t\t<div class=\"elementor-element elementor-element-251bf5e elementor-widget elementor-widget-spacer\" data-id=\"251bf5e\" data-element_type=\"widget\" data-e-type=\"widget\" data-widget_type=\"spacer.default\">\n\t\t\t\t<div class=\"elementor-widget-container\">\n\t\t\t\t\t\t\t<div class=\"elementor-spacer\">\n\t\t\t<div class=\"elementor-spacer-inner\"><\/div>\n\t\t<\/div>\n\t\t\t\t\t\t<\/div>\n\t\t\t\t<\/div>\n\t\t\t\t<div class=\"elementor-element elementor-element-283a242 elementor-widget elementor-widget-spacer\" data-id=\"283a242\" data-element_type=\"widget\" data-e-type=\"widget\" data-widget_type=\"spacer.default\">\n\t\t\t\t<div class=\"elementor-widget-container\">\n\t\t\t\t\t\t\t<div class=\"elementor-spacer\">\n\t\t\t<div class=\"elementor-spacer-inner\"><\/div>\n\t\t<\/div>\n\t\t\t\t\t\t<\/div>\n\t\t\t\t<\/div>\n\t\t\t\t\t<\/div>\n\t\t\t\t<\/div>\n\t\t<div class=\"wd-negative-gap elementor-element elementor-element-4147680 e-flex e-con-boxed e-con e-parent\" data-id=\"4147680\" data-element_type=\"container\" data-e-type=\"container\">\n\t\t\t\t\t<div class=\"e-con-inner\">\n\t\t<div class=\"elementor-element elementor-element-9b0b3a5 e-con-full e-flex e-con e-child\" data-id=\"9b0b3a5\" data-element_type=\"container\" data-e-type=\"container\">\n\t\t\t\t<div class=\"elementor-element elementor-element-7ef6104 elementor-widget elementor-widget-wd_image_or_svg\" data-id=\"7ef6104\" data-element_type=\"widget\" data-e-type=\"widget\" data-widget_type=\"wd_image_or_svg.default\">\n\t\t\t\t<div class=\"elementor-widget-container\">\n\t\t\t\t\t\n\t\t<div class=\"wd-image text-center\">\n\t\t\t\t\t\t\t\t<img decoding=\"async\" width=\"768\" height=\"770\" data-src=\"https:\/\/kusyhampina.com\/wp-content\/uploads\/2025\/06\/foto-traje-negro-parque-Dodomosola-768x770.jpg\" class=\"attachment-medium_large size-medium_large lazyload\" alt=\"\" data-srcset=\"https:\/\/kusyhampina.com\/wp-content\/uploads\/2025\/06\/foto-traje-negro-parque-Dodomosola-768x770.jpg 768w, https:\/\/kusyhampina.com\/wp-content\/uploads\/2025\/06\/foto-traje-negro-parque-Dodomosola-430x431.jpg 430w, https:\/\/kusyhampina.com\/wp-content\/uploads\/2025\/06\/foto-traje-negro-parque-Dodomosola-190x190.jpg 190w, https:\/\/kusyhampina.com\/wp-content\/uploads\/2025\/06\/foto-traje-negro-parque-Dodomosola-700x702.jpg 700w, https:\/\/kusyhampina.com\/wp-content\/uploads\/2025\/06\/foto-traje-negro-parque-Dodomosola-299x300.jpg 299w, https:\/\/kusyhampina.com\/wp-content\/uploads\/2025\/06\/foto-traje-negro-parque-Dodomosola-798x800.jpg 798w, https:\/\/kusyhampina.com\/wp-content\/uploads\/2025\/06\/foto-traje-negro-parque-Dodomosola-150x150.jpg 150w, https:\/\/kusyhampina.com\/wp-content\/uploads\/2025\/06\/foto-traje-negro-parque-Dodomosola-60x60.jpg 60w, https:\/\/kusyhampina.com\/wp-content\/uploads\/2025\/06\/foto-traje-negro-parque-Dodomosola.jpg 1320w\" data-sizes=\"(max-width: 768px) 100vw, 768px\" src=\"data:image\/gif;base64,R0lGODlhAQABAAAAACH5BAEKAAEALAAAAAABAAEAAAICTAEAOw==\" style=\"--smush-placeholder-width: 768px; --smush-placeholder-aspect-ratio: 768\/770;\" \/>\t\t\t\t\t<\/div>\n\n\t\t\t\t\t\t<\/div>\n\t\t\t\t<\/div>\n\t\t\t\t<div class=\"elementor-element elementor-element-de08255 color-scheme-inherit text-left elementor-widget elementor-widget-text-editor\" data-id=\"de08255\" data-element_type=\"widget\" data-e-type=\"widget\" data-widget_type=\"text-editor.default\">\n\t\t\t\t<div class=\"elementor-widget-container\">\n\t\t\t\t\t\t\t\t\t<h4 style=\"text-align: center;\">M\u00e9dica humanitaria con m\u00e1s de 30 a\u00f1os de experiencia en salud p\u00fablica, infectolog\u00eda y epidemiolog\u00eda, especializada en la protecci\u00f3n de poblaciones vulnerables en crisis humanitarias.<\/h4><h4 style=\"text-align: center;\">Ha liderado y evaluado programas de salud, migraci\u00f3n y protecci\u00f3n infantil en Am\u00e9rica Latina, \u00c1frica y Ocean\u00eda, colaborando con la OIM, ONU, USAID y M\u00e9dicos Sin Fronteras.<\/h4>\t\t\t\t\t\t\t\t<\/div>\n\t\t\t\t<\/div>\n\t\t\t\t<div class=\"elementor-element elementor-element-364b1df elementor-widget elementor-widget-image\" data-id=\"364b1df\" data-element_type=\"widget\" data-e-type=\"widget\" data-widget_type=\"image.default\">\n\t\t\t\t<div class=\"elementor-widget-container\">\n\t\t\t\t\t\t\t\t\t\t\t\t\t\t\t<img decoding=\"async\" width=\"1408\" height=\"768\" data-src=\"https:\/\/kusyhampina.com\/wp-content\/uploads\/2025\/06\/Image_fx-60.png\" class=\"attachment-full size-full wp-image-1845 lazyload\" alt=\"\" data-srcset=\"https:\/\/kusyhampina.com\/wp-content\/uploads\/2025\/06\/Image_fx-60.png 1408w, https:\/\/kusyhampina.com\/wp-content\/uploads\/2025\/06\/Image_fx-60-430x235.png 430w, https:\/\/kusyhampina.com\/wp-content\/uploads\/2025\/06\/Image_fx-60-190x104.png 190w, https:\/\/kusyhampina.com\/wp-content\/uploads\/2025\/06\/Image_fx-60-700x382.png 700w, https:\/\/kusyhampina.com\/wp-content\/uploads\/2025\/06\/Image_fx-60-400x218.png 400w, https:\/\/kusyhampina.com\/wp-content\/uploads\/2025\/06\/Image_fx-60-1300x709.png 1300w, https:\/\/kusyhampina.com\/wp-content\/uploads\/2025\/06\/Image_fx-60-768x419.png 768w\" data-sizes=\"(max-width: 1408px) 100vw, 1408px\" src=\"data:image\/gif;base64,R0lGODlhAQABAAAAACH5BAEKAAEALAAAAAABAAEAAAICTAEAOw==\" style=\"--smush-placeholder-width: 1408px; --smush-placeholder-aspect-ratio: 1408\/768;\" \/>\t\t\t\t\t\t\t\t\t\t\t\t\t\t\t<\/div>\n\t\t\t\t<\/div>\n\t\t\t\t<\/div>\n\t\t<div class=\"elementor-element elementor-element-1569dd9 e-con-full e-flex e-con e-child\" data-id=\"1569dd9\" data-element_type=\"container\" data-e-type=\"container\">\n\t\t\t\t<div class=\"elementor-element elementor-element-4b27710 wd-width-100 elementor-widget elementor-widget-wd_title\" data-id=\"4b27710\" data-element_type=\"widget\" data-e-type=\"widget\" data-widget_type=\"wd_title.default\">\n\t\t\t\t<div class=\"elementor-widget-container\">\n\t\t\t\t\t\t\t<div class=\"title-wrapper wd-set-mb reset-last-child wd-title-color-default wd-title-style-default wd-title-size-default text-left\">\n\n\t\t\t\n\t\t\t<div class=\"liner-continer\">\n\t\t\t\t<h4 class=\"woodmart-title-container title wd-fontsize-l\">Selene Manga<\/h4> \n\t\t\t\t\t\t\t<\/div>\n\n\t\t\t\t\t<\/div>\n\t\t\t\t\t\t<\/div>\n\t\t\t\t<\/div>\n\t\t\t\t<div class=\"elementor-element elementor-element-edf3fb0 color-scheme-inherit text-left elementor-widget elementor-widget-text-editor\" data-id=\"edf3fb0\" data-element_type=\"widget\" data-e-type=\"widget\" data-widget_type=\"text-editor.default\">\n\t\t\t\t<div class=\"elementor-widget-container\">\n\t\t\t\t\t\t\t\t\t<h3 style=\"text-align: left;\" data-start=\"61\" data-end=\"88\">M\u00e9dica epidemi\u00f3loga investigadora de plantas ancestrales\u200b<\/h3><p style=\"margin-bottom: 20px; font-style: normal; font-variant-ligatures: normal; font-variant-caps: normal; font-weight: 500; font-family: SatoshiVariable, Arial, Helvetica, sans-serif; font-size: 16px; text-align: center;\" data-start=\"61\" data-end=\"88\"><span style=\"font-weight: 600; font-size: 16px;\" data-start=\"61\" data-end=\"88\">Selene Manga M.D. &#8211; BIO<\/span><span style=\"font-weight: 600; font-size: 16px;\" data-start=\"61\" data-end=\"88\">\u00a0<\/span><\/p><p style=\"margin-bottom: 20px; font-style: normal; font-variant-ligatures: normal; font-variant-caps: normal; font-weight: 500; font-family: SatoshiVariable, Arial, Helvetica, sans-serif; font-size: 16px;\" data-start=\"90\" data-end=\"451\">M\u00e9dica ind\u00edgena latinoamericana, especialista en enfermedades infecciosas, epidemi\u00f3loga e investigadora cient\u00edfica galardonada por investigaciones clave, con m\u00e1s de 45 trabajos cient\u00edficos publicados. Desde 2017 trabaja para M\u00e9dicos Sin Fronteras en contextos humanitarios de alta complejidad. Se especializ\u00f3 en Salud Internacional en la Universidad de Harvard.<\/p><p style=\"margin-bottom: 20px; font-style: normal; font-variant-ligatures: normal; font-variant-caps: normal; font-weight: 500; font-family: SatoshiVariable, Arial, Helvetica, sans-serif; font-size: 16px;\" data-start=\"453\" data-end=\"601\">Actualmente forma parte del Consejo de Diversidad, Equidad e Inclusi\u00f3n de la organizaci\u00f3n M\u00e9dicos Sin Fronteras en la oficina de Nueva York, EE. UU.<\/p><p style=\"margin-bottom: 20px; font-style: normal; font-variant-ligatures: normal; font-variant-caps: normal; font-weight: 500; font-family: SatoshiVariable, Arial, Helvetica, sans-serif; font-size: 16px;\" data-start=\"603\" data-end=\"624\">Sanadora tradicional.<\/p><p style=\"margin-bottom: 20px; font-style: normal; font-variant-ligatures: normal; font-variant-caps: normal; font-weight: 500; font-family: SatoshiVariable, Arial, Helvetica, sans-serif; font-size: 16px;\" data-start=\"626\" data-end=\"1026\">Posee una experiencia de vida e intergeneracional en medicina tradicional. Proviene de una antigua tradici\u00f3n de mujeres sanadoras que practican la medicina tradicional de origen quechua. Es directora ejecutiva y fundadora del <span style=\"font-weight: 600; font-size: 16px;\" data-start=\"852\" data-end=\"870\">Hospital Verde<\/span> (en quechua: <em style=\"font-size: 16px;\" data-start=\"884\" data-end=\"903\">Kusy Hampina Wasy<\/em>), una escuela de medicina comunitaria ind\u00edgena y Centro de Medicina Ind\u00edgena ubicado en Quillabamba, La Convenci\u00f3n, Cusco.<\/p><p style=\"margin-bottom: 20px; font-style: normal; font-variant-ligatures: normal; font-variant-caps: normal; font-weight: 500; font-family: SatoshiVariable, Arial, Helvetica, sans-serif; font-size: 16px;\" data-start=\"1028\" data-end=\"1764\">Sanadora experimentada y practicante, representa varias generaciones dentro del sistema de conocimiento de los pueblos ind\u00edgenas, preservando la memoria ind\u00edgena, subterr\u00e1nea y astral, mientras mantiene la pr\u00e1ctica m\u00e9dica at\u00e1vica y atemporal de la medicina ente\u00f3gena, mediante el uso de plantas sagradas que inducen estados alterados de conciencia para mejorar aspectos de la salud f\u00edsica. Ha utilizado <span style=\"font-weight: 600; font-size: 16px;\" data-start=\"1431\" data-end=\"1441\">willka<\/span>, <span style=\"font-weight: 600; font-size: 16px;\" data-start=\"1443\" data-end=\"1454\">wachuma<\/span> y <span style=\"font-weight: 600; font-size: 16px;\" data-start=\"1457\" data-end=\"1472\">psilocibina<\/span> durante 35 a\u00f1os en su pr\u00e1ctica como m\u00e9dica tradicional, con varias docenas de pacientes tratados y curados de enfermedades neurol\u00f3gicas, autoinmunes, degenerativas y psicol\u00f3gicas como Parkinson, Alzheimer, epilepsia, lupus, fibromialgia, ELA, depresi\u00f3n mayor, trastorno bipolar, entre otras.<\/p><p style=\"font-style: normal; font-variant-ligatures: normal; font-variant-caps: normal; font-weight: 500; font-family: SatoshiVariable, Arial, Helvetica, sans-serif; font-size: 16px;\" data-start=\"1766\" data-end=\"2070\">Cuenta con tres importantes certificaciones recientes: un posgrado en Salud Internacional de la Universidad de Harvard, un certificado como facilitadora autorizada de psilocibina por la Autoridad Sanitaria de Oreg\u00f3n (EE. UU.), y un diploma del <span style=\"font-weight: 600; font-size: 16px;\" data-start=\"2010\" data-end=\"2062\">Centro de Investigaci\u00f3n sobre Cannabis Medicinal<\/span> (CMCR).<\/p>\t\t\t\t\t\t\t\t<\/div>\n\t\t\t\t<\/div>\n\t\t\t\t<\/div>\n\t\t\t\t\t<\/div>\n\t\t\t\t<\/div>\n\t\t<div class=\"wd-negative-gap elementor-element elementor-element-406c698 e-flex e-con-boxed e-con e-parent\" data-id=\"406c698\" data-element_type=\"container\" data-e-type=\"container\">\n\t\t\t\t\t<div class=\"e-con-inner\">\n\t\t\t\t<div class=\"elementor-element elementor-element-3450329 elementor-widget elementor-widget-spacer\" data-id=\"3450329\" data-element_type=\"widget\" data-e-type=\"widget\" data-widget_type=\"spacer.default\">\n\t\t\t\t<div class=\"elementor-widget-container\">\n\t\t\t\t\t\t\t<div class=\"elementor-spacer\">\n\t\t\t<div class=\"elementor-spacer-inner\"><\/div>\n\t\t<\/div>\n\t\t\t\t\t\t<\/div>\n\t\t\t\t<\/div>\n\t\t\t\t\t<\/div>\n\t\t\t\t<\/div>\n\t\t\t\t<\/div>\n\t\t","protected":false},"excerpt":{"rendered":"<p>Sobre Escuela de Medicina Indigena Kusy Hampina Ofrecemos un espacio para explorar las plantas medicinales tradicionales y sus usos. Tenemos<\/p>\n","protected":false},"author":1,"featured_media":0,"parent":0,"menu_order":0,"comment_status":"closed","ping_status":"closed","template":"elementor_header_footer","meta":{"footnotes":""},"class_list":["post-999","page","type-page","status-publish","hentry"],"aioseo_notices":[],"_links":{"self":[{"href":"https:\/\/kusyhampina.com\/es\/wp-json\/wp\/v2\/pages\/999","targetHints":{"allow":["GET"]}}],"collection":[{"href":"https:\/\/kusyhampina.com\/es\/wp-json\/wp\/v2\/pages"}],"about":[{"href":"https:\/\/kusyhampina.com\/es\/wp-json\/wp\/v2\/types\/page"}],"author":[{"embeddable":true,"href":"https:\/\/kusyhampina.com\/es\/wp-json\/wp\/v2\/users\/1"}],"replies":[{"embeddable":true,"href":"https:\/\/kusyhampina.com\/es\/wp-json\/wp\/v2\/comments?post=999"}],"version-history":[{"count":113,"href":"https:\/\/kusyhampina.com\/es\/wp-json\/wp\/v2\/pages\/999\/revisions"}],"predecessor-version":[{"id":2877,"href":"https:\/\/kusyhampina.com\/es\/wp-json\/wp\/v2\/pages\/999\/revisions\/2877"}],"wp:attachment":[{"href":"https:\/\/kusyhampina.com\/es\/wp-json\/wp\/v2\/media?parent=999"}],"curies":[{"name":"wp","href":"https:\/\/api.w.org\/{rel}","templated":true}]}}