{"id":2566,"date":"2025-11-12T23:04:01","date_gmt":"2025-11-12T23:04:01","guid":{"rendered":"https:\/\/kusyhampina.com\/?page_id=2566"},"modified":"2025-11-17T03:27:46","modified_gmt":"2025-11-17T03:27:46","slug":"ceremonias","status":"publish","type":"page","link":"https:\/\/kusyhampina.com\/es\/ceremonias\/","title":{"rendered":"Ceremonias"},"content":{"rendered":"\t\t<div data-elementor-type=\"wp-page\" data-elementor-id=\"2566\" class=\"elementor elementor-2566\" data-elementor-post-type=\"page\">\n\t\t\t\t<div class=\"elementor-element elementor-element-9493dfb e-flex e-con-boxed e-con e-parent\" data-id=\"9493dfb\" data-element_type=\"container\" data-e-type=\"container\">\n\t\t\t\t\t<div class=\"e-con-inner\">\n\t\t<div class=\"elementor-element elementor-element-aec3b0c e-con-full e-flex e-con e-child\" data-id=\"aec3b0c\" data-element_type=\"container\" data-e-type=\"container\">\n\t\t\t\t<div class=\"elementor-element elementor-element-2533701 elementor--h-position-left elementor--v-position-middle elementor-arrows-position-inside elementor-pagination-position-inside elementor-widget elementor-widget-slides\" data-id=\"2533701\" data-element_type=\"widget\" data-e-type=\"widget\" data-settings=\"{&quot;navigation&quot;:&quot;both&quot;,&quot;autoplay&quot;:&quot;yes&quot;,&quot;pause_on_hover&quot;:&quot;yes&quot;,&quot;pause_on_interaction&quot;:&quot;yes&quot;,&quot;autoplay_speed&quot;:5000,&quot;infinite&quot;:&quot;yes&quot;,&quot;transition&quot;:&quot;slide&quot;,&quot;transition_speed&quot;:500}\" data-widget_type=\"slides.default\">\n\t\t\t\t<div class=\"elementor-widget-container\">\n\t\t\t\t\t\t\t\t\t<div class=\"elementor-swiper\">\n\t\t\t\t\t<div class=\"elementor-slides-wrapper elementor-main-swiper swiper\" role=\"region\" aria-roledescription=\"carousel\" aria-label=\"Slides\" dir=\"ltr\" data-animation=\"fadeInUp\">\n\t\t\t\t<div class=\"swiper-wrapper elementor-slides\">\n\t\t\t\t\t\t\t\t\t\t<div class=\"elementor-repeater-item-2a7cb6f swiper-slide\" role=\"group\" aria-roledescription=\"slide\"><div class=\"swiper-slide-bg\" role=\"img\"><\/div><div class=\"elementor-background-overlay\"><\/div><a class=\"swiper-slide-inner\" href=\"https:\/\/kusyhampina.com\/producto\/retiro-sanacion-emocional\/\"><div class=\"swiper-slide-contents\"><div class=\"elementor-slide-heading\">Retiro de sanaci\u00f3n emocional <\/div><div class=\"elementor-slide-description\">Temazcal<\/div><div  class=\"elementor-button elementor-slide-button elementor-size-sm\">+ info<\/div><\/div><\/a><\/div><div class=\"elementor-repeater-item-022d8a1 swiper-slide\" role=\"group\" aria-roledescription=\"slide\"><div class=\"swiper-slide-bg\" role=\"img\"><\/div><div class=\"elementor-background-overlay\"><\/div><a class=\"swiper-slide-inner\" href=\"https:\/\/kusyhampina.com\/producto\/indigenous-medicine-school\/\"><div class=\"swiper-slide-contents\"><div class=\"elementor-slide-heading\">Escuela Medicinal<\/div><div class=\"elementor-slide-description\">Elaboraci\u00f3n de productos<\/div><div  class=\"elementor-button elementor-slide-button elementor-size-sm\">+ info<\/div><\/div><\/a><\/div><div class=\"elementor-repeater-item-6d629e8 swiper-slide\" role=\"group\" aria-roledescription=\"slide\"><div class=\"swiper-slide-bg\" role=\"img\"><\/div><div class=\"elementor-background-overlay\"><\/div><a class=\"swiper-slide-inner\" href=\"https:\/\/kusyhampina.com\/producto\/cursos-enteogenos\/\"><div class=\"swiper-slide-contents\"><div class=\"elementor-slide-heading\">Ent\u00f3genos<\/div><div class=\"elementor-slide-description\">Pr\u00e1cticas tradicionales ind\u00edgenas<\/div><div  class=\"elementor-button elementor-slide-button elementor-size-sm\">+ info<\/div><\/div><\/a><\/div>\t\t\t\t<\/div>\n\t\t\t\t\t\t\t\t\t\t\t\t\t\t\t<div class=\"elementor-swiper-button elementor-swiper-button-prev\" role=\"button\" tabindex=\"0\" aria-label=\"Previous slide\">\n\t\t\t\t\t\t\t<svg aria-hidden=\"true\" class=\"e-font-icon-svg e-eicon-chevron-left\" viewBox=\"0 0 1000 1000\" xmlns=\"http:\/\/www.w3.org\/2000\/svg\"><path d=\"M646 125C629 125 613 133 604 142L308 442C296 454 292 471 292 487 292 504 296 521 308 533L604 854C617 867 629 875 646 875 663 875 679 871 692 858 704 846 713 829 713 812 713 796 708 779 692 767L438 487 692 225C700 217 708 204 708 187 708 171 704 154 692 142 675 129 663 125 646 125Z\"><\/path><\/svg>\t\t\t\t\t\t<\/div>\n\t\t\t\t\t\t<div class=\"elementor-swiper-button elementor-swiper-button-next\" role=\"button\" tabindex=\"0\" aria-label=\"Next slide\">\n\t\t\t\t\t\t\t<svg aria-hidden=\"true\" class=\"e-font-icon-svg e-eicon-chevron-right\" viewBox=\"0 0 1000 1000\" xmlns=\"http:\/\/www.w3.org\/2000\/svg\"><path d=\"M696 533C708 521 713 504 713 487 713 471 708 454 696 446L400 146C388 133 375 125 354 125 338 125 325 129 313 142 300 154 292 171 292 187 292 204 296 221 308 233L563 492 304 771C292 783 288 800 288 817 288 833 296 850 308 863 321 871 338 875 354 875 371 875 388 867 400 854L696 533Z\"><\/path><\/svg>\t\t\t\t\t\t<\/div>\n\t\t\t\t\t\t\t\t\t\t\t\t\t\t\t\t<div class=\"swiper-pagination\"><\/div>\n\t\t\t\t\t\t\t\t\t\t\t\t<\/div>\n\t\t\t\t<\/div>\n\t\t\t\t\t\t\t\t<\/div>\n\t\t\t\t<\/div>\n\t\t\t\t<\/div>\n\t\t\t\t\t<\/div>\n\t\t\t\t<\/div>\n\t\t<div class=\"elementor-element elementor-element-2fb7643 e-flex e-con-boxed e-con e-parent\" data-id=\"2fb7643\" data-element_type=\"container\" data-e-type=\"container\">\n\t\t\t\t\t<div class=\"e-con-inner\">\n\t\t<div class=\"elementor-element elementor-element-c38e366 e-con-full e-flex e-con e-child\" data-id=\"c38e366\" data-element_type=\"container\" data-e-type=\"container\">\n\t\t\t\t<div class=\"elementor-element elementor-element-ebc42e0 wd-width-100 elementor-widget elementor-widget-wd_title\" data-id=\"ebc42e0\" data-element_type=\"widget\" data-e-type=\"widget\" data-widget_type=\"wd_title.default\">\n\t\t\t\t<div class=\"elementor-widget-container\">\n\t\t\t\t\t\t\t<div class=\"title-wrapper wd-set-mb reset-last-child wd-title-color-default wd-title-style-default wd-title-size-medium text-left\">\n\n\t\t\t\n\t\t\t<div class=\"liner-continer\">\n\t\t\t\t<h4 class=\"woodmart-title-container title wd-fontsize-xl\">Ceremonias<\/h4> \n\t\t\t\t\t\t\t<\/div>\n\n\t\t\t\t\t\t\t<div class=\"title-after_title reset-last-child wd-fontsize-s\">\n\t\t\t\t\t<p>Aprende mientras vives una experiencia trascendental<\/p>\t\t\t\t<\/div>\n\t\t\t\t\t<\/div>\n\t\t\t\t\t\t<\/div>\n\t\t\t\t<\/div>\n\t\t\t\t<\/div>\n\t\t\t\t<div class=\"elementor-element elementor-element-47ab6d2 wd-width-100 elementor-widget elementor-widget-wd_products\" data-id=\"47ab6d2\" data-element_type=\"widget\" data-e-type=\"widget\" data-widget_type=\"wd_products.default\">\n\t\t\t\t<div class=\"elementor-widget-container\">\n\t\t\t\t\t\t\t\t\t\t<div class=\"wd-products-element\">\n\n\t\t\t\n\t\t\t\n\t\t\t\n\t\t\t<div class=\"products wd-products elements-list wd-grid-g wd-loop-builder-off\" data-paged=\"1\" data-atts=\"{&quot;speed&quot;:null,&quot;slides_per_view&quot;:null,&quot;wrap&quot;:null,&quot;autoplay&quot;:null,&quot;autoheight&quot;:null,&quot;hide_pagination_control&quot;:null,&quot;dynamic_pagination_control&quot;:null,&quot;hide_prev_next_buttons&quot;:null,&quot;carousel_arrows_position&quot;:null,&quot;hide_scrollbar&quot;:null,&quot;scroll_per_page&quot;:null,&quot;center_mode&quot;:null,&quot;spacing&quot;:null,&quot;carousel_sync&quot;:null,&quot;sync_parent_id&quot;:null,&quot;sync_child_id&quot;:null,&quot;scroll_carousel_init&quot;:null,&quot;disable_overflow_carousel&quot;:null,&quot;include&quot;:null,&quot;taxonomies&quot;:[&quot;52&quot;],&quot;meta_key&quot;:null,&quot;shop_tools&quot;:null,&quot;ajax_recently_viewed&quot;:null,&quot;layout&quot;:&quot;list&quot;,&quot;pagination_arrows_position&quot;:null,&quot;items_per_page&quot;:&quot;4&quot;,&quot;list_spacing&quot;:&quot;&quot;,&quot;columns&quot;:null,&quot;products_masonry&quot;:null,&quot;products_different_sizes&quot;:null,&quot;product_quantity&quot;:&quot;&quot;,&quot;product_hover&quot;:null,&quot;product_custom_hover&quot;:null,&quot;sale_countdown&quot;:&quot;0&quot;,&quot;stretch_product&quot;:null,&quot;stock_progress_bar&quot;:&quot;0&quot;,&quot;highlighted_products&quot;:&quot;0&quot;,&quot;products_divider&quot;:null,&quot;products_bordered_grid&quot;:&quot;0&quot;,&quot;products_bordered_grid_style&quot;:null,&quot;products_with_background&quot;:&quot;0&quot;,&quot;products_shadow&quot;:&quot;0&quot;,&quot;img_size&quot;:&quot;custom&quot;,&quot;img_size_custom&quot;:{&quot;width&quot;:&quot;430&quot;,&quot;height&quot;:&quot;490&quot;},&quot;grid_gallery_control&quot;:null,&quot;grid_gallery_enable_arrows&quot;:null,&quot;elementor&quot;:true,&quot;force_not_ajax&quot;:&quot;no&quot;}\" data-source=\"shortcode\" data-columns=\"\" style=\"--wd-col-lg:1;--wd-col-md:1;--wd-col-sm:1;\">\n\t\t\n\t\t\t\t\t\t\t\t<div class=\"wd-product wd-col product-list-item product-grid-item product type-product post-2376 status-publish instock product_cat-ceremonias has-post-thumbnail virtual sold-individually purchasable product-type-simple\" data-loop=\"1\" data-id=\"2376\">\n\t\n\t<div class=\"wd-product-wrapper product-wrapper\">\n\t\t<div class=\"wd-product-thumb product-element-top wd-quick-shop\">\n\t\t\t<a href=\"https:\/\/kusyhampina.com\/es\/producto\/ceremonias-willka-wachuma-macrodosis\/\" class=\"wd-product-img-link product-image-link\" tabindex=\"-1\" aria-label=\"Ceremonias de Willka Wachuma Macrodosis de Psilocibina\">\n\t\t\t\t<img decoding=\"async\" width=\"430\" height=\"490\" data-src=\"https:\/\/kusyhampina.com\/wp-content\/uploads\/2025\/08\/Imagen-creada-wiks-430x490.jpg\" class=\"attachment-430x490 size-430x490 lazyload\" alt=\"\" src=\"data:image\/gif;base64,R0lGODlhAQABAAAAACH5BAEKAAEALAAAAAABAAEAAAICTAEAOw==\" style=\"--smush-placeholder-width: 430px; --smush-placeholder-aspect-ratio: 430\/490;\" \/>\t\t\t<\/a>\n\n\t\t\t\n\t\t\t<div class=\"wd-buttons wd-pos-r-t\">\n\t\t\t\t\t\t\t\t\t\t<div class=\"wd-quick-view-btn wd-quick-view-icon wd-action-btn wd-style-icon\">\n\t\t\t<a\n\t\t\t\thref=\"https:\/\/kusyhampina.com\/es\/producto\/ceremonias-willka-wachuma-macrodosis\/\"\n\t\t\t\tclass=\"open-quick-view\"\n\t\t\t\trel=\"nofollow\"\n\t\t\t\tdata-id=\"2376\"\n\t\t\t\t>\n\t\t\t\t\t<span class=\"wd-action-icon\"><\/span>\n\t\t\t\t\t<span class=\"wd-action-text\">\n\t\t\t\t\t\tQuick view\t\t\t\t\t<\/span>\n\t\t\t<\/a>\n\t\t<\/div>\n\t\t\t\t\t\t\t\t\t\t\t\t\t<div class=\"wd-wishlist-btn wd-action-btn wd-style-icon wd-wishlist-icon\">\n\t\t\t\t<a class=\"\" href=\"https:\/\/kusyhampina.com\/es\/wishlist\/\" data-key=\"7b13a58a52\" data-product-id=\"2376\" rel=\"nofollow\">\n\t\t\t\t\t<span class=\"wd-action-icon\">\n\t\t\t\t\t\t<span class=\"wd-check-icon\"><\/span>\n\t\t\t\t\t<\/span>\n\t\t\t\t\t<span class=\"wd-action-text\">Add to wishlist<\/span>\n\t\t\t\t<\/a>\n\t\t\t<\/div>\n\t\t\t\t\t<\/div>\n\t\t<\/div>\n\n\t\t<div class=\"product-list-content wd-scroll\">\n\t\t\t<h3 class=\"wd-entities-title\"><a href=\"https:\/\/kusyhampina.com\/es\/producto\/ceremonias-willka-wachuma-macrodosis\/\">Ceremonias de Willka Wachuma Macrodosis de Psilocibina<\/a><\/h3>\t\t\t\t\t\t\t\t\n\t\t\t\t<div class=\"star-rating\" role=\"img\" aria-label=\"Rated 0 de 5\">\n\t\t\t\t\t<span style=\"width:0%\">\n\t\t\tRated <strong class=\"rating\">0<\/strong> de 5\t\t<\/span>\n\t\t\t\t<\/div>\n\n\t\t\n\t\t\t\t\t\t\t\t\t\t\n\t<span class=\"price\"><span class=\"woocommerce-Price-amount amount\"><bdi><span class=\"woocommerce-Price-currencySymbol\">S\/<\/span>&nbsp;500.00<\/bdi><\/span><\/span>\n\t\t\t\t\t\t<div class=\"woocommerce-product-details__short-description\">\n\t<p><span style=\"font-weight: 400;\">\u00a0Los Ente\u00f3genos tienen un profundo significado cultural para muchas comunidades ind\u00edgenas. No son meras sustancias, sino herramientas sagradas que se utilizan para conectar con las tradiciones, los antepasados y los seres queridos, son elementos sagrados que permiten construir y mantener comunidad.<\/span><\/p>\n<\/div>\n\t\t\t\n\t\t\t\n\t\t\t\n\t\t\t<div class=\"wd-add-btn wd-add-btn-replace\">\n\t\t\t\t\n\t\t\t\t<a href=\"\/es\/wp-json\/wp\/v2\/pages\/2566?add-to-cart=2376\" aria-describedby=\"woocommerce_loop_add_to_cart_link_describedby_2376\" data-quantity=\"1\" class=\"button product_type_simple add_to_cart_button ajax_add_to_cart add-to-cart-loop\" data-product_id=\"2376\" data-product_sku=\"WP-0054-1-1-2\" aria-label=\"A\u00f1adir a la cesta: &quot;Ceremonias de Willka Wachuma Macrodosis de Psilocibina&quot;\" rel=\"nofollow\" data-success_message=\"&quot;Ceremonias de Willka Wachuma Macrodosis de Psilocibina&quot; se ha a\u00f1adido a tu carrito\" role=\"button\"><span class=\"wd-action-icon\"><span class=\"wd-check-icon\"><\/span><\/span><span class=\"wd-action-text\">A\u00f1adir a la cesta<\/span><\/a>\t<span id=\"woocommerce_loop_add_to_cart_link_describedby_2376\" class=\"screen-reader-text\">\n\t\t\t<\/span>\n\t\t\t<\/div>\n\n\t\t\t\t\t<\/div>\n\t<\/div>\n<\/div>\n\t\t\t\t\t\t\t\t<div class=\"wd-product wd-col product-list-item product-grid-item product type-product post-2388 status-publish instock product_cat-ceremonias has-post-thumbnail virtual sold-individually purchasable product-type-simple\" data-loop=\"2\" data-id=\"2388\">\n\t\n\t<div class=\"wd-product-wrapper product-wrapper\">\n\t\t<div class=\"wd-product-thumb product-element-top wd-quick-shop\">\n\t\t\t<a href=\"https:\/\/kusyhampina.com\/es\/producto\/cursos-enteogenos\/\" class=\"wd-product-img-link product-image-link\" tabindex=\"-1\" aria-label=\"Cursos Ente\u00f3genos en la Tradici\u00f3n Ind\u00edgena\">\n\t\t\t\t<img decoding=\"async\" width=\"430\" height=\"490\" data-src=\"https:\/\/kusyhampina.com\/wp-content\/uploads\/2025\/08\/Whisk_11343a2287-2-430x490.jpg\" class=\"attachment-430x490 size-430x490 lazyload\" alt=\"\" src=\"data:image\/gif;base64,R0lGODlhAQABAAAAACH5BAEKAAEALAAAAAABAAEAAAICTAEAOw==\" style=\"--smush-placeholder-width: 430px; --smush-placeholder-aspect-ratio: 430\/490;\" \/>\t\t\t<\/a>\n\n\t\t\t\n\t\t\t<div class=\"wd-buttons wd-pos-r-t\">\n\t\t\t\t\t\t\t\t\t\t<div class=\"wd-quick-view-btn wd-quick-view-icon wd-action-btn wd-style-icon\">\n\t\t\t<a\n\t\t\t\thref=\"https:\/\/kusyhampina.com\/es\/producto\/cursos-enteogenos\/\"\n\t\t\t\tclass=\"open-quick-view\"\n\t\t\t\trel=\"nofollow\"\n\t\t\t\tdata-id=\"2388\"\n\t\t\t\t>\n\t\t\t\t\t<span class=\"wd-action-icon\"><\/span>\n\t\t\t\t\t<span class=\"wd-action-text\">\n\t\t\t\t\t\tQuick view\t\t\t\t\t<\/span>\n\t\t\t<\/a>\n\t\t<\/div>\n\t\t\t\t\t\t\t\t\t\t\t\t\t<div class=\"wd-wishlist-btn wd-action-btn wd-style-icon wd-wishlist-icon\">\n\t\t\t\t<a class=\"\" href=\"https:\/\/kusyhampina.com\/es\/wishlist\/\" data-key=\"7b13a58a52\" data-product-id=\"2388\" rel=\"nofollow\">\n\t\t\t\t\t<span class=\"wd-action-icon\">\n\t\t\t\t\t\t<span class=\"wd-check-icon\"><\/span>\n\t\t\t\t\t<\/span>\n\t\t\t\t\t<span class=\"wd-action-text\">Add to wishlist<\/span>\n\t\t\t\t<\/a>\n\t\t\t<\/div>\n\t\t\t\t\t<\/div>\n\t\t<\/div>\n\n\t\t<div class=\"product-list-content wd-scroll\">\n\t\t\t<h3 class=\"wd-entities-title\"><a href=\"https:\/\/kusyhampina.com\/es\/producto\/cursos-enteogenos\/\">Cursos Ente\u00f3genos en la Tradici\u00f3n Ind\u00edgena<\/a><\/h3>\t\t\t\t\t\t\t\t\n\t\t\t\t<div class=\"star-rating\" role=\"img\" aria-label=\"Rated 0 de 5\">\n\t\t\t\t\t<span style=\"width:0%\">\n\t\t\tRated <strong class=\"rating\">0<\/strong> de 5\t\t<\/span>\n\t\t\t\t<\/div>\n\n\t\t\n\t\t\t\t\t\t\t\t\t\t\n\t<span class=\"price\"><span class=\"woocommerce-Price-amount amount\"><bdi><span class=\"woocommerce-Price-currencySymbol\">S\/<\/span>&nbsp;500.00<\/bdi><\/span><\/span>\n\t\t\t\t\t\t<div class=\"woocommerce-product-details__short-description\">\n\t<p><span style=\"font-weight: 400;\">Este curso se puede dictar en castellano, ingl\u00e9s, franc\u00e9s y portugu\u00e9s. El p\u00fablico es general o aquellos que se encuentran estudiando medicina hol\u00edstica, medicina ayurveda, yoga, sanaci\u00f3n.<\/span><\/p>\n<\/div>\n\t\t\t\n\t\t\t\n\t\t\t\n\t\t\t<div class=\"wd-add-btn wd-add-btn-replace\">\n\t\t\t\t\n\t\t\t\t<a href=\"\/es\/wp-json\/wp\/v2\/pages\/2566?add-to-cart=2388\" aria-describedby=\"woocommerce_loop_add_to_cart_link_describedby_2388\" data-quantity=\"1\" class=\"button product_type_simple add_to_cart_button ajax_add_to_cart add-to-cart-loop\" data-product_id=\"2388\" data-product_sku=\"WP-0054-1-1-1-1\" aria-label=\"A\u00f1adir a la cesta: &quot;Cursos Ente\u00f3genos en la Tradici\u00f3n Ind\u00edgena&quot;\" rel=\"nofollow\" data-success_message=\"&quot;Cursos Ente\u00f3genos en la Tradici\u00f3n Ind\u00edgena&quot; se ha a\u00f1adido a tu carrito\" role=\"button\"><span class=\"wd-action-icon\"><span class=\"wd-check-icon\"><\/span><\/span><span class=\"wd-action-text\">A\u00f1adir a la cesta<\/span><\/a>\t<span id=\"woocommerce_loop_add_to_cart_link_describedby_2388\" class=\"screen-reader-text\">\n\t\t\t<\/span>\n\t\t\t<\/div>\n\n\t\t\t\t\t<\/div>\n\t<\/div>\n<\/div>\n\t\t\t\t\t\t\t\t<div class=\"wd-product wd-col product-list-item product-grid-item product type-product post-2339 status-publish last instock product_cat-ceremonias has-post-thumbnail virtual sold-individually purchasable product-type-simple\" data-loop=\"3\" data-id=\"2339\">\n\t\n\t<div class=\"wd-product-wrapper product-wrapper\">\n\t\t<div class=\"wd-product-thumb product-element-top wd-quick-shop\">\n\t\t\t<a href=\"https:\/\/kusyhampina.com\/es\/producto\/indigenous-medicine-school\/\" class=\"wd-product-img-link product-image-link\" tabindex=\"-1\" aria-label=\"Escuela&lt;br&gt;Medicina Ind\u00edgena\">\n\t\t\t\t<img decoding=\"async\" width=\"430\" height=\"490\" data-src=\"https:\/\/kusyhampina.com\/wp-content\/uploads\/2025\/08\/Whisk_35548daf08-430x490.jpg\" class=\"attachment-430x490 size-430x490 lazyload\" alt=\"\" src=\"data:image\/gif;base64,R0lGODlhAQABAAAAACH5BAEKAAEALAAAAAABAAEAAAICTAEAOw==\" style=\"--smush-placeholder-width: 430px; --smush-placeholder-aspect-ratio: 430\/490;\" \/>\t\t\t<\/a>\n\n\t\t\t\n\t\t\t<div class=\"wd-buttons wd-pos-r-t\">\n\t\t\t\t\t\t\t\t\t\t<div class=\"wd-quick-view-btn wd-quick-view-icon wd-action-btn wd-style-icon\">\n\t\t\t<a\n\t\t\t\thref=\"https:\/\/kusyhampina.com\/es\/producto\/indigenous-medicine-school\/\"\n\t\t\t\tclass=\"open-quick-view\"\n\t\t\t\trel=\"nofollow\"\n\t\t\t\tdata-id=\"2339\"\n\t\t\t\t>\n\t\t\t\t\t<span class=\"wd-action-icon\"><\/span>\n\t\t\t\t\t<span class=\"wd-action-text\">\n\t\t\t\t\t\tQuick view\t\t\t\t\t<\/span>\n\t\t\t<\/a>\n\t\t<\/div>\n\t\t\t\t\t\t\t\t\t\t\t\t\t<div class=\"wd-wishlist-btn wd-action-btn wd-style-icon wd-wishlist-icon\">\n\t\t\t\t<a class=\"\" href=\"https:\/\/kusyhampina.com\/es\/wishlist\/\" data-key=\"7b13a58a52\" data-product-id=\"2339\" rel=\"nofollow\">\n\t\t\t\t\t<span class=\"wd-action-icon\">\n\t\t\t\t\t\t<span class=\"wd-check-icon\"><\/span>\n\t\t\t\t\t<\/span>\n\t\t\t\t\t<span class=\"wd-action-text\">Add to wishlist<\/span>\n\t\t\t\t<\/a>\n\t\t\t<\/div>\n\t\t\t\t\t<\/div>\n\t\t<\/div>\n\n\t\t<div class=\"product-list-content wd-scroll\">\n\t\t\t<h3 class=\"wd-entities-title\"><a href=\"https:\/\/kusyhampina.com\/es\/producto\/indigenous-medicine-school\/\">Escuela<br>Medicina Ind\u00edgena<\/a><\/h3>\t\t\t\t\t\t\t\t\n\t\t\t\t<div class=\"star-rating\" role=\"img\" aria-label=\"Rated 0 de 5\">\n\t\t\t\t\t<span style=\"width:0%\">\n\t\t\tRated <strong class=\"rating\">0<\/strong> de 5\t\t<\/span>\n\t\t\t\t<\/div>\n\n\t\t\n\t\t\t\t\t\t\t\t\t\t\n\t<span class=\"price\"><span class=\"woocommerce-Price-amount amount\"><bdi><span class=\"woocommerce-Price-currencySymbol\">S\/<\/span>&nbsp;500.00<\/bdi><\/span><\/span>\n\t\t\t\t\t\t<div class=\"woocommerce-product-details__short-description\">\n\t<p><span style=\"font-weight: 400;\">Lo que se presenta a los occidentales en la b\u00fasqueda del chamanismo es una tradici\u00f3n que se desarrolla en un tiempo m\u00edtico, lamentablemente perdido, donde la figura del cham\u00e1n se constituye como el eslab\u00f3n entre este espacio perdido y el presente. Todo este complejo entorno se ve materializado en varios pa\u00edses de Am\u00e9rica Latina bajo diversas formas, en nuestro caso analizaremos la din\u00e1mica de la relaci\u00f3n entre curanderos, chamanes y usuarios, tal como se presenta en el mercado de abastos de recursos terap\u00e9uticos de la medicina tradicional peruana.<\/span><\/p>\n<\/div>\n\t\t\t\n\t\t\t\n\t\t\t\n\t\t\t<div class=\"wd-add-btn wd-add-btn-replace\">\n\t\t\t\t\n\t\t\t\t<a href=\"\/es\/wp-json\/wp\/v2\/pages\/2566?add-to-cart=2339\" aria-describedby=\"woocommerce_loop_add_to_cart_link_describedby_2339\" data-quantity=\"1\" class=\"button product_type_simple add_to_cart_button ajax_add_to_cart add-to-cart-loop\" data-product_id=\"2339\" data-product_sku=\"escuela-medicina\" aria-label=\"A\u00f1adir a la cesta: &quot;EscuelaMedicina Ind\u00edgena&quot;\" rel=\"nofollow\" data-success_message=\"&quot;Escuela&lt;br&gt;Medicina Ind\u00edgena&quot; se ha a\u00f1adido a tu carrito\" role=\"button\"><span class=\"wd-action-icon\"><span class=\"wd-check-icon\"><\/span><\/span><span class=\"wd-action-text\">A\u00f1adir a la cesta<\/span><\/a>\t<span id=\"woocommerce_loop_add_to_cart_link_describedby_2339\" class=\"screen-reader-text\">\n\t\t\t<\/span>\n\t\t\t<\/div>\n\n\t\t\t\t\t<\/div>\n\t<\/div>\n<\/div>\n\t\t\t\t\t\t\t\t<div class=\"wd-product wd-col product-list-item product-grid-item product type-product post-2331 status-publish first instock product_cat-ceremonias has-post-thumbnail featured virtual sold-individually purchasable product-type-simple\" data-loop=\"4\" data-id=\"2331\">\n\t\n\t<div class=\"wd-product-wrapper product-wrapper\">\n\t\t<div class=\"wd-product-thumb product-element-top wd-quick-shop\">\n\t\t\t<a href=\"https:\/\/kusyhampina.com\/es\/producto\/retiro-sanacion-emocional\/\" class=\"wd-product-img-link product-image-link\" tabindex=\"-1\" aria-label=\"Retiro&lt;br&gt;Sanaci\u00f3n Emocional\">\n\t\t\t\t<img decoding=\"async\" width=\"430\" height=\"490\" data-src=\"https:\/\/kusyhampina.com\/wp-content\/uploads\/2025\/08\/banos-termales-430x490.png\" class=\"attachment-430x490 size-430x490 lazyload\" alt=\"\" src=\"data:image\/gif;base64,R0lGODlhAQABAAAAACH5BAEKAAEALAAAAAABAAEAAAICTAEAOw==\" style=\"--smush-placeholder-width: 430px; --smush-placeholder-aspect-ratio: 430\/490;\" \/>\t\t\t<\/a>\n\n\t\t\t\n\t\t\t<div class=\"wd-buttons wd-pos-r-t\">\n\t\t\t\t\t\t\t\t\t\t<div class=\"wd-quick-view-btn wd-quick-view-icon wd-action-btn wd-style-icon\">\n\t\t\t<a\n\t\t\t\thref=\"https:\/\/kusyhampina.com\/es\/producto\/retiro-sanacion-emocional\/\"\n\t\t\t\tclass=\"open-quick-view\"\n\t\t\t\trel=\"nofollow\"\n\t\t\t\tdata-id=\"2331\"\n\t\t\t\t>\n\t\t\t\t\t<span class=\"wd-action-icon\"><\/span>\n\t\t\t\t\t<span class=\"wd-action-text\">\n\t\t\t\t\t\tQuick view\t\t\t\t\t<\/span>\n\t\t\t<\/a>\n\t\t<\/div>\n\t\t\t\t\t\t\t\t\t\t\t\t\t<div class=\"wd-wishlist-btn wd-action-btn wd-style-icon wd-wishlist-icon\">\n\t\t\t\t<a class=\"\" href=\"https:\/\/kusyhampina.com\/es\/wishlist\/\" data-key=\"7b13a58a52\" data-product-id=\"2331\" rel=\"nofollow\">\n\t\t\t\t\t<span class=\"wd-action-icon\">\n\t\t\t\t\t\t<span class=\"wd-check-icon\"><\/span>\n\t\t\t\t\t<\/span>\n\t\t\t\t\t<span class=\"wd-action-text\">Add to wishlist<\/span>\n\t\t\t\t<\/a>\n\t\t\t<\/div>\n\t\t\t\t\t<\/div>\n\t\t<\/div>\n\n\t\t<div class=\"product-list-content wd-scroll\">\n\t\t\t<h3 class=\"wd-entities-title\"><a href=\"https:\/\/kusyhampina.com\/es\/producto\/retiro-sanacion-emocional\/\">Retiro<br>Sanaci\u00f3n Emocional<\/a><\/h3>\t\t\t\t\t\t\t\t\n\t\t\t\t<div class=\"star-rating\" role=\"img\" aria-label=\"Rated 0 de 5\">\n\t\t\t\t\t<span style=\"width:0%\">\n\t\t\tRated <strong class=\"rating\">0<\/strong> de 5\t\t<\/span>\n\t\t\t\t<\/div>\n\n\t\t\n\t\t\t\t\t\t\t\t\t\t\n\t<span class=\"price\"><span class=\"woocommerce-Price-amount amount\"><bdi><span class=\"woocommerce-Price-currencySymbol\">S\/<\/span>&nbsp;500.00<\/bdi><\/span><\/span>\n\t\t\t\t\t\t<div class=\"woocommerce-product-details__short-description\">\n\t<p><span style=\"font-weight: 400;\">Devu\u00e9lvele la calma a tu vida con diversos m\u00e9todos de sanaci\u00f3n que incluyen dieta suave de desintoxicaci\u00f3n o ayuno a base de jugos, tratamientos de spa depurativos, actividades grupales energizantes, terapias de \u201cpoza de barro\u201d, ceremonias de tabaco y temazcal, microdosis de wachuma y ayahuasca, Chi kung, yoga y terapias andinas; reequilibra tu cuerpo y mente con este programa breve de desintoxicaci\u00f3n con jugos en Cusco, Per\u00fa.<\/span><\/p>\n<\/div>\n\t\t\t\n\t\t\t\n\t\t\t\n\t\t\t<div class=\"wd-add-btn wd-add-btn-replace\">\n\t\t\t\t\n\t\t\t\t<a href=\"\/es\/wp-json\/wp\/v2\/pages\/2566?add-to-cart=2331\" aria-describedby=\"woocommerce_loop_add_to_cart_link_describedby_2331\" data-quantity=\"1\" class=\"button product_type_simple add_to_cart_button ajax_add_to_cart add-to-cart-loop\" data-product_id=\"2331\" data-product_sku=\"retiro-sanacion-emocional\" aria-label=\"A\u00f1adir a la cesta: &quot;RetiroSanaci\u00f3n Emocional&quot;\" rel=\"nofollow\" data-success_message=\"&quot;Retiro&lt;br&gt;Sanaci\u00f3n Emocional&quot; se ha a\u00f1adido a tu carrito\" role=\"button\"><span class=\"wd-action-icon\"><span class=\"wd-check-icon\"><\/span><\/span><span class=\"wd-action-text\">A\u00f1adir a la cesta<\/span><\/a>\t<span id=\"woocommerce_loop_add_to_cart_link_describedby_2331\" class=\"screen-reader-text\">\n\t\t\t<\/span>\n\t\t\t<\/div>\n\n\t\t\t\t\t<\/div>\n\t<\/div>\n<\/div>\n\t\t\n\t\t\t\t<\/div>\n\t\n\t\t\n\t\t\n\t\t\t\t\t<\/div>\n\t\t\n\t\t\t\t\t\t<\/div>\n\t\t\t\t<\/div>\n\t\t\t\t\t<\/div>\n\t\t\t\t<\/div>\n\t\t\t\t<\/div>\n\t\t","protected":false},"excerpt":{"rendered":"<p>Retiro de sanaci\u00f3n emocional Temazcal+ infoEscuela MedicinalElaboraci\u00f3n de productos+ infoEnt\u00f3genosPr\u00e1cticas tradicionales ind\u00edgenas+ info Ceremonias Aprende mientras vives una experiencia trascendental<\/p>\n","protected":false},"author":1,"featured_media":0,"parent":0,"menu_order":0,"comment_status":"closed","ping_status":"closed","template":"","meta":{"footnotes":""},"class_list":["post-2566","page","type-page","status-publish","hentry"],"aioseo_notices":[],"_links":{"self":[{"href":"https:\/\/kusyhampina.com\/es\/wp-json\/wp\/v2\/pages\/2566","targetHints":{"allow":["GET"]}}],"collection":[{"href":"https:\/\/kusyhampina.com\/es\/wp-json\/wp\/v2\/pages"}],"about":[{"href":"https:\/\/kusyhampina.com\/es\/wp-json\/wp\/v2\/types\/page"}],"author":[{"embeddable":true,"href":"https:\/\/kusyhampina.com\/es\/wp-json\/wp\/v2\/users\/1"}],"replies":[{"embeddable":true,"href":"https:\/\/kusyhampina.com\/es\/wp-json\/wp\/v2\/comments?post=2566"}],"version-history":[{"count":42,"href":"https:\/\/kusyhampina.com\/es\/wp-json\/wp\/v2\/pages\/2566\/revisions"}],"predecessor-version":[{"id":2978,"href":"https:\/\/kusyhampina.com\/es\/wp-json\/wp\/v2\/pages\/2566\/revisions\/2978"}],"wp:attachment":[{"href":"https:\/\/kusyhampina.com\/es\/wp-json\/wp\/v2\/media?parent=2566"}],"curies":[{"name":"wp","href":"https:\/\/api.w.org\/{rel}","templated":true}]}}