{"id":1688,"date":"2025-06-13T23:54:14","date_gmt":"2025-06-13T23:54:14","guid":{"rendered":"https:\/\/kusyhampina.com\/?page_id=1688"},"modified":"2025-08-05T21:15:19","modified_gmt":"2025-08-05T21:15:19","slug":"hospital-intercultural-shipibo-konibo-cantagallo","status":"publish","type":"page","link":"https:\/\/kusyhampina.com\/es\/hospital-intercultural-shipibo-konibo-cantagallo\/","title":{"rendered":"Hospital Intercultural Shipibo Konibo Cantagallo"},"content":{"rendered":"\t\t<div data-elementor-type=\"wp-page\" data-elementor-id=\"1688\" class=\"elementor elementor-1688\" data-elementor-post-type=\"page\">\n\t\t\t\t<div class=\"wd-negative-gap elementor-element elementor-element-6d133a3 e-flex e-con-boxed e-con e-parent\" data-id=\"6d133a3\" data-element_type=\"container\" data-e-type=\"container\">\n\t\t\t\t\t<div class=\"e-con-inner\">\n\t\t\t\t<div class=\"elementor-element elementor-element-a1343c8 elementor-widget elementor-widget-image\" data-id=\"a1343c8\" data-element_type=\"widget\" data-e-type=\"widget\" data-widget_type=\"image.default\">\n\t\t\t\t<div class=\"elementor-widget-container\">\n\t\t\t\t\t\t\t\t\t\t\t\t\t\t\t<img decoding=\"async\" width=\"1408\" height=\"768\" data-src=\"https:\/\/kusyhampina.com\/wp-content\/uploads\/2025\/08\/Whisk_e63ace56ba.jpg\" class=\"attachment-full size-full wp-image-2186 lazyload\" alt=\"\" data-srcset=\"https:\/\/kusyhampina.com\/wp-content\/uploads\/2025\/08\/Whisk_e63ace56ba.jpg 1408w, https:\/\/kusyhampina.com\/wp-content\/uploads\/2025\/08\/Whisk_e63ace56ba-430x235.jpg 430w, https:\/\/kusyhampina.com\/wp-content\/uploads\/2025\/08\/Whisk_e63ace56ba-190x104.jpg 190w, https:\/\/kusyhampina.com\/wp-content\/uploads\/2025\/08\/Whisk_e63ace56ba-700x382.jpg 700w, https:\/\/kusyhampina.com\/wp-content\/uploads\/2025\/08\/Whisk_e63ace56ba-400x218.jpg 400w, https:\/\/kusyhampina.com\/wp-content\/uploads\/2025\/08\/Whisk_e63ace56ba-1300x709.jpg 1300w, https:\/\/kusyhampina.com\/wp-content\/uploads\/2025\/08\/Whisk_e63ace56ba-768x419.jpg 768w\" data-sizes=\"(max-width: 1408px) 100vw, 1408px\" src=\"data:image\/gif;base64,R0lGODlhAQABAAAAACH5BAEKAAEALAAAAAABAAEAAAICTAEAOw==\" style=\"--smush-placeholder-width: 1408px; --smush-placeholder-aspect-ratio: 1408\/768;\" \/>\t\t\t\t\t\t\t\t\t\t\t\t\t\t\t<\/div>\n\t\t\t\t<\/div>\n\t\t\t\t<div class=\"elementor-element elementor-element-80c5d2c elementor-widget elementor-widget-heading\" data-id=\"80c5d2c\" data-element_type=\"widget\" data-e-type=\"widget\" data-widget_type=\"heading.default\">\n\t\t\t\t<div class=\"elementor-widget-container\">\n\t\t\t\t\t<h1 class=\"elementor-heading-title elementor-size-default\">Hospital Intercultural Shipibo Konibo Cantagallo<\/h1>\t\t\t\t<\/div>\n\t\t\t\t<\/div>\n\t\t\t\t\t<\/div>\n\t\t\t\t<\/div>\n\t\t<div class=\"elementor-element elementor-element-7e6f7b9 e-con-full e-flex e-con e-parent\" data-id=\"7e6f7b9\" data-element_type=\"container\" data-e-type=\"container\" data-settings=\"{&quot;background_background&quot;:&quot;classic&quot;}\">\n\t\t<div class=\"elementor-element elementor-element-f5935dd e-con-full e-flex e-con e-child\" data-id=\"f5935dd\" data-element_type=\"container\" data-e-type=\"container\" data-settings=\"{&quot;background_background&quot;:&quot;classic&quot;}\">\n\t\t\t\t<div class=\"elementor-element elementor-element-6f46fd5 elementor-widget elementor-widget-spacer\" data-id=\"6f46fd5\" data-element_type=\"widget\" data-e-type=\"widget\" data-widget_type=\"spacer.default\">\n\t\t\t\t<div class=\"elementor-widget-container\">\n\t\t\t\t\t\t\t<div class=\"elementor-spacer\">\n\t\t\t<div class=\"elementor-spacer-inner\"><\/div>\n\t\t<\/div>\n\t\t\t\t\t\t<\/div>\n\t\t\t\t<\/div>\n\t\t\t\t<div class=\"elementor-element elementor-element-65a0a97 elementor-widget__width-inherit color-scheme-inherit text-left elementor-widget elementor-widget-text-editor\" data-id=\"65a0a97\" data-element_type=\"widget\" data-e-type=\"widget\" data-widget_type=\"text-editor.default\">\n\t\t\t\t<div class=\"elementor-widget-container\">\n\t\t\t\t\t\t\t\t\t<p>\u00a0 \u00a0 \u00a0 Lima ha sido durante mucho tiempo la zona cero de un proceso secular de \u00abdesindigenizaci\u00f3n\u00bb de la poblaci\u00f3n peruana, el 83% de la cual es de ascendencia ind\u00edgena andina, incluidos los mestizos. Las l\u00edneas de sangre se mezclan, las lenguas se olvidan y las pr\u00e1cticas tradicionales desaparecen ante un eurocentrismo persistente que obliga a oleadas tras oleadas de ind\u00edgenas peruanos a elegir entre la supervivencia econ\u00f3mica y la cultural. Fundada en 1998 por unas 15 familias ind\u00edgenas shipibo que formaban parte de un \u00e9xodo masivo de inmigrantes amaz\u00f3nicos expulsados de sus comunidades por la tala de \u00e1rboles, el narcotr\u00e1fico, el terrorismo, la miner\u00eda ilegal y el desarrollo de infraestructuras en la cuenca del Amazonas.<\/p><p>Desplazados, negados, viviendo en lo alto de un vertedero de basura, junto al r\u00edo R\u00edmac, cerca del centro de la ciudad, los shipibo-konibo resistieron y crecieron hasta convertirse en un importante centro de identidad y cultura ind\u00edgenas en la capital de Per\u00fa, un ejemplo de c\u00f3mo una comunidad ind\u00edgena puede navegar por la vida urbana sin perder sus ra\u00edces, afirmando tambi\u00e9n una identidad ind\u00edgena que se niega a desvanecerse en la oscuridad urbanizada.<\/p>\t\t\t\t\t\t\t\t<\/div>\n\t\t\t\t<\/div>\n\t\t\t\t<div class=\"elementor-element elementor-element-386a307 elementor-widget elementor-widget-spacer\" data-id=\"386a307\" data-element_type=\"widget\" data-e-type=\"widget\" data-widget_type=\"spacer.default\">\n\t\t\t\t<div class=\"elementor-widget-container\">\n\t\t\t\t\t\t\t<div class=\"elementor-spacer\">\n\t\t\t<div class=\"elementor-spacer-inner\"><\/div>\n\t\t<\/div>\n\t\t\t\t\t\t<\/div>\n\t\t\t\t<\/div>\n\t\t\t\t<div class=\"elementor-element elementor-element-f5679d9 elementor-widget elementor-widget-image\" data-id=\"f5679d9\" data-element_type=\"widget\" data-e-type=\"widget\" data-widget_type=\"image.default\">\n\t\t\t\t<div class=\"elementor-widget-container\">\n\t\t\t\t\t\t\t\t\t\t\t\t<figure class=\"wp-caption\">\n\t\t\t\t\t\t\t\t\t\t<img decoding=\"async\" data-src=\"https:\/\/kusyhampina.com\/wp-content\/uploads\/elementor\/thumbs\/Foto-Olinda-paque-Dodomosola-r79rydsm48rj577pnij960xy864nfnam9us6b5qels.jpg\" title=\"Foto Olinda paque Dodomosola\" alt=\"Foto Olinda paque Dodomosola\" src=\"data:image\/gif;base64,R0lGODlhAQABAAAAACH5BAEKAAEALAAAAAABAAEAAAICTAEAOw==\" class=\"lazyload\" style=\"--smush-placeholder-width: 600px; --smush-placeholder-aspect-ratio: 600\/600;\" \/>\t\t\t\t\t\t\t\t\t\t\t<figcaption class=\"widget-image-caption wp-caption-text\"><\/figcaption>\n\t\t\t\t\t\t\t\t\t\t<\/figure>\n\t\t\t\t\t\t\t\t\t<\/div>\n\t\t\t\t<\/div>\n\t\t\t\t<div class=\"elementor-element elementor-element-8be3c07 elementor-widget__width-initial elementor-widget elementor-widget-spacer\" data-id=\"8be3c07\" data-element_type=\"widget\" data-e-type=\"widget\" data-widget_type=\"spacer.default\">\n\t\t\t\t<div class=\"elementor-widget-container\">\n\t\t\t\t\t\t\t<div class=\"elementor-spacer\">\n\t\t\t<div class=\"elementor-spacer-inner\"><\/div>\n\t\t<\/div>\n\t\t\t\t\t\t<\/div>\n\t\t\t\t<\/div>\n\t\t\t\t<\/div>\n\t\t\t\t<div class=\"elementor-element elementor-element-8fd0028 elementor-widget elementor-widget-spacer\" data-id=\"8fd0028\" data-element_type=\"widget\" data-e-type=\"widget\" data-widget_type=\"spacer.default\">\n\t\t\t\t<div class=\"elementor-widget-container\">\n\t\t\t\t\t\t\t<div class=\"elementor-spacer\">\n\t\t\t<div class=\"elementor-spacer-inner\"><\/div>\n\t\t<\/div>\n\t\t\t\t\t\t<\/div>\n\t\t\t\t<\/div>\n\t\t<div class=\"elementor-element elementor-element-905c8c3 e-con-full e-flex e-con e-child\" data-id=\"905c8c3\" data-element_type=\"container\" data-e-type=\"container\">\n\t\t\t\t<div class=\"elementor-element elementor-element-78d7a08 elementor-widget elementor-widget-spacer\" data-id=\"78d7a08\" data-element_type=\"widget\" data-e-type=\"widget\" data-widget_type=\"spacer.default\">\n\t\t\t\t<div class=\"elementor-widget-container\">\n\t\t\t\t\t\t\t<div class=\"elementor-spacer\">\n\t\t\t<div class=\"elementor-spacer-inner\"><\/div>\n\t\t<\/div>\n\t\t\t\t\t\t<\/div>\n\t\t\t\t<\/div>\n\t\t\t\t<div class=\"elementor-element elementor-element-f4a5e75 elementor-widget__width-initial color-scheme-inherit text-left elementor-widget elementor-widget-text-editor\" data-id=\"f4a5e75\" data-element_type=\"widget\" data-e-type=\"widget\" data-widget_type=\"text-editor.default\">\n\t\t\t\t<div class=\"elementor-widget-container\">\n\t\t\t\t\t\t\t\t\t<div class=\"wd-page-title page-title page-title-default title-size-small title-design-default color-scheme-dark\" style=\"text-align: center;\"><blockquote><p><i style=\"color: #808080; font-size: 22px; text-align: right;\">\u00abLa salud ind\u00edgena<\/i><i style=\"color: #808080; font-size: 22px; text-align: right;\"> <\/i><\/p><p><i style=\"color: #808080; font-size: 22px; text-align: right;\">le compete a las naciones<\/i><\/p><p><i style=\"color: #808080; font-size: 22px; text-align: right;\"> ind\u00edgenas\u00bb<\/i><\/p><\/blockquote><\/div>\t\t\t\t\t\t\t\t<\/div>\n\t\t\t\t<\/div>\n\t\t\t\t<div class=\"elementor-element elementor-element-5187060 elementor-widget elementor-widget-spacer\" data-id=\"5187060\" data-element_type=\"widget\" data-e-type=\"widget\" data-widget_type=\"spacer.default\">\n\t\t\t\t<div class=\"elementor-widget-container\">\n\t\t\t\t\t\t\t<div class=\"elementor-spacer\">\n\t\t\t<div class=\"elementor-spacer-inner\"><\/div>\n\t\t<\/div>\n\t\t\t\t\t\t<\/div>\n\t\t\t\t<\/div>\n\t\t\t\t<div class=\"elementor-element elementor-element-0639422 elementor-widget elementor-widget-image\" data-id=\"0639422\" data-element_type=\"widget\" data-e-type=\"widget\" data-widget_type=\"image.default\">\n\t\t\t\t<div class=\"elementor-widget-container\">\n\t\t\t\t\t\t\t\t\t\t\t\t\t\t\t<img decoding=\"async\" width=\"600\" height=\"800\" data-src=\"https:\/\/kusyhampina.com\/wp-content\/uploads\/2025\/06\/las-4-paque-dodomosola-600x800.jpg\" class=\"attachment-large size-large wp-image-1698 lazyload\" alt=\"\" data-srcset=\"https:\/\/kusyhampina.com\/wp-content\/uploads\/2025\/06\/las-4-paque-dodomosola-600x800.jpg 600w, https:\/\/kusyhampina.com\/wp-content\/uploads\/2025\/06\/las-4-paque-dodomosola-430x573.jpg 430w, https:\/\/kusyhampina.com\/wp-content\/uploads\/2025\/06\/las-4-paque-dodomosola-190x253.jpg 190w, https:\/\/kusyhampina.com\/wp-content\/uploads\/2025\/06\/las-4-paque-dodomosola-700x933.jpg 700w, https:\/\/kusyhampina.com\/wp-content\/uploads\/2025\/06\/las-4-paque-dodomosola-225x300.jpg 225w, https:\/\/kusyhampina.com\/wp-content\/uploads\/2025\/06\/las-4-paque-dodomosola-768x1024.jpg 768w, https:\/\/kusyhampina.com\/wp-content\/uploads\/2025\/06\/las-4-paque-dodomosola-1152x1536.jpg 1152w, https:\/\/kusyhampina.com\/wp-content\/uploads\/2025\/06\/las-4-paque-dodomosola.jpg 1536w\" data-sizes=\"(max-width: 600px) 100vw, 600px\" src=\"data:image\/gif;base64,R0lGODlhAQABAAAAACH5BAEKAAEALAAAAAABAAEAAAICTAEAOw==\" style=\"--smush-placeholder-width: 600px; --smush-placeholder-aspect-ratio: 600\/800;\" \/>\t\t\t\t\t\t\t\t\t\t\t\t\t\t\t<\/div>\n\t\t\t\t<\/div>\n\t\t\t\t<div class=\"elementor-element elementor-element-26f06cc elementor-widget elementor-widget-spacer\" data-id=\"26f06cc\" data-element_type=\"widget\" data-e-type=\"widget\" data-widget_type=\"spacer.default\">\n\t\t\t\t<div class=\"elementor-widget-container\">\n\t\t\t\t\t\t\t<div class=\"elementor-spacer\">\n\t\t\t<div class=\"elementor-spacer-inner\"><\/div>\n\t\t<\/div>\n\t\t\t\t\t\t<\/div>\n\t\t\t\t<\/div>\n\t\t\t\t<\/div>\n\t\t\t\t<\/div>\n\t\t<div class=\"wd-negative-gap elementor-element elementor-element-9984f70 e-flex e-con-boxed e-con e-parent\" data-id=\"9984f70\" data-element_type=\"container\" data-e-type=\"container\">\n\t\t\t\t\t<div class=\"e-con-inner\">\n\t\t\t\t<div class=\"elementor-element elementor-element-bb8e8ab elementor-widget__width-inherit color-scheme-inherit text-left elementor-widget elementor-widget-text-editor\" data-id=\"bb8e8ab\" data-element_type=\"widget\" data-e-type=\"widget\" data-widget_type=\"text-editor.default\">\n\t\t\t\t<div class=\"elementor-widget-container\">\n\t\t\t\t\t\t\t\t\t<div class=\"wd-page-title page-title page-title-default title-size-small title-design-default color-scheme-dark\"><p>El caso de Cantagallo desaf\u00eda muchas suposiciones sobre la migraci\u00f3n de los pueblos ind\u00edgenas, que hasta ahora han sido capaces de preservar su patrimonio en medio de las dislocaciones, pero ante la falta de servicios b\u00e1sicos como: agua corriente limpia, electricidad, atenci\u00f3n de salud culturalmente apropiada, comenzaron a exigir el acceso a los derechos que el Estado les ha negado durante tantos a\u00f1os, pero no hay ninguna respuesta.<\/p><p><span style=\"font-size: 16px; background-color: rgba(246, 243, 237, 0);\">La resiliente naci\u00f3n Shipibo Konibo asentada en Cantagallo, Rimac Lima Per\u00fa con la ayuda de la escuela de medicina Ind\u00edgena Kusy Hampina Wasy estamos construyendo despu\u00e9s de dise\u00f1ar lo que ser\u00e1 el Primer Hospital Intercultural del Per\u00fa que responda a las necesidades de salud y de conceptualizaci\u00f3n del fen\u00f3meno salud enfermedad de la naci\u00f3n Shipibo Konibo y esto es un proyecto autogestionado que empodera la cultura y la naci\u00f3n Shipibo Konibo.<\/span><\/p><\/div>\t\t\t\t\t\t\t\t<\/div>\n\t\t\t\t<\/div>\n\t\t\t\t<div class=\"elementor-element elementor-element-b2d8300 elementor-widget elementor-widget-spacer\" data-id=\"b2d8300\" data-element_type=\"widget\" data-e-type=\"widget\" data-widget_type=\"spacer.default\">\n\t\t\t\t<div class=\"elementor-widget-container\">\n\t\t\t\t\t\t\t<div class=\"elementor-spacer\">\n\t\t\t<div class=\"elementor-spacer-inner\"><\/div>\n\t\t<\/div>\n\t\t\t\t\t\t<\/div>\n\t\t\t\t<\/div>\n\t\t\t\t\t<\/div>\n\t\t\t\t<\/div>\n\t\t<div class=\"wd-negative-gap elementor-element elementor-element-4068661 e-flex e-con-boxed e-con e-parent\" data-id=\"4068661\" data-element_type=\"container\" data-e-type=\"container\">\n\t\t\t\t\t<div class=\"e-con-inner\">\n\t\t\t\t<div class=\"elementor-element elementor-element-708a9dc elementor-widget__width-inherit elementor-widget elementor-widget-image\" data-id=\"708a9dc\" data-element_type=\"widget\" data-e-type=\"widget\" data-widget_type=\"image.default\">\n\t\t\t\t<div class=\"elementor-widget-container\">\n\t\t\t\t\t\t\t\t\t\t\t\t\t\t\t<img decoding=\"async\" width=\"1300\" height=\"525\" data-src=\"https:\/\/kusyhampina.com\/wp-content\/uploads\/2025\/06\/SCR-20250613-pcwa-2-scaled-e1749883667232-1300x525.jpg\" class=\"attachment-large size-large wp-image-1781 lazyload\" alt=\"\" data-srcset=\"https:\/\/kusyhampina.com\/wp-content\/uploads\/2025\/06\/SCR-20250613-pcwa-2-scaled-e1749883667232-1300x525.jpg 1300w, https:\/\/kusyhampina.com\/wp-content\/uploads\/2025\/06\/SCR-20250613-pcwa-2-scaled-e1749883667232-430x174.jpg 430w, https:\/\/kusyhampina.com\/wp-content\/uploads\/2025\/06\/SCR-20250613-pcwa-2-scaled-e1749883667232-190x77.jpg 190w, https:\/\/kusyhampina.com\/wp-content\/uploads\/2025\/06\/SCR-20250613-pcwa-2-scaled-e1749883667232-700x282.jpg 700w, https:\/\/kusyhampina.com\/wp-content\/uploads\/2025\/06\/SCR-20250613-pcwa-2-scaled-e1749883667232-400x161.jpg 400w, https:\/\/kusyhampina.com\/wp-content\/uploads\/2025\/06\/SCR-20250613-pcwa-2-scaled-e1749883667232-768x310.jpg 768w, https:\/\/kusyhampina.com\/wp-content\/uploads\/2025\/06\/SCR-20250613-pcwa-2-scaled-e1749883667232-1536x620.jpg 1536w, https:\/\/kusyhampina.com\/wp-content\/uploads\/2025\/06\/SCR-20250613-pcwa-2-scaled-e1749883667232-2048x826.jpg 2048w\" data-sizes=\"(max-width: 1300px) 100vw, 1300px\" src=\"data:image\/gif;base64,R0lGODlhAQABAAAAACH5BAEKAAEALAAAAAABAAEAAAICTAEAOw==\" style=\"--smush-placeholder-width: 1300px; --smush-placeholder-aspect-ratio: 1300\/525;\" \/>\t\t\t\t\t\t\t\t\t\t\t\t\t\t\t<\/div>\n\t\t\t\t<\/div>\n\t\t\t\t<div class=\"elementor-element elementor-element-6107cac elementor-widget elementor-widget-spacer\" data-id=\"6107cac\" data-element_type=\"widget\" data-e-type=\"widget\" data-widget_type=\"spacer.default\">\n\t\t\t\t<div class=\"elementor-widget-container\">\n\t\t\t\t\t\t\t<div class=\"elementor-spacer\">\n\t\t\t<div class=\"elementor-spacer-inner\"><\/div>\n\t\t<\/div>\n\t\t\t\t\t\t<\/div>\n\t\t\t\t<\/div>\n\t\t\t\t\t<\/div>\n\t\t\t\t<\/div>\n\t\t\t\t<\/div>\n\t\t","protected":false},"excerpt":{"rendered":"<p>Hospital Intercultural Shipibo Konibo Cantagallo \u00a0 \u00a0 \u00a0 Lima ha sido durante mucho tiempo la zona cero de un proceso<\/p>\n","protected":false},"author":1,"featured_media":0,"parent":0,"menu_order":0,"comment_status":"closed","ping_status":"closed","template":"elementor_header_footer","meta":{"footnotes":""},"class_list":["post-1688","page","type-page","status-publish","hentry"],"aioseo_notices":[],"_links":{"self":[{"href":"https:\/\/kusyhampina.com\/es\/wp-json\/wp\/v2\/pages\/1688","targetHints":{"allow":["GET"]}}],"collection":[{"href":"https:\/\/kusyhampina.com\/es\/wp-json\/wp\/v2\/pages"}],"about":[{"href":"https:\/\/kusyhampina.com\/es\/wp-json\/wp\/v2\/types\/page"}],"author":[{"embeddable":true,"href":"https:\/\/kusyhampina.com\/es\/wp-json\/wp\/v2\/users\/1"}],"replies":[{"embeddable":true,"href":"https:\/\/kusyhampina.com\/es\/wp-json\/wp\/v2\/comments?post=1688"}],"version-history":[{"count":156,"href":"https:\/\/kusyhampina.com\/es\/wp-json\/wp\/v2\/pages\/1688\/revisions"}],"predecessor-version":[{"id":2208,"href":"https:\/\/kusyhampina.com\/es\/wp-json\/wp\/v2\/pages\/1688\/revisions\/2208"}],"wp:attachment":[{"href":"https:\/\/kusyhampina.com\/es\/wp-json\/wp\/v2\/media?parent=1688"}],"curies":[{"name":"wp","href":"https:\/\/api.w.org\/{rel}","templated":true}]}}