{"id":2388,"date":"2025-08-12T02:47:19","date_gmt":"2025-08-12T02:47:19","guid":{"rendered":"https:\/\/kusyhampina.com\/?post_type=product&#038;p=2388"},"modified":"2025-11-17T03:30:12","modified_gmt":"2025-11-17T03:30:12","slug":"cursos-enteogenos","status":"publish","type":"product","link":"https:\/\/kusyhampina.com\/en\/product-2\/cursos-enteogenos\/","title":{"rendered":"Courses Enteogens in the Indigenous Tradition"},"content":{"rendered":"<div data-elementor-type=\"wp-post\" data-elementor-id=\"2388\" class=\"elementor elementor-2388\" data-elementor-post-type=\"product\">\n\t\t\t\t<div class=\"wd-negative-gap elementor-element elementor-element-2166202 e-flex e-con-boxed e-con e-parent\" data-id=\"2166202\" data-element_type=\"container\" data-e-type=\"container\">\n\t\t\t\t\t<div class=\"e-con-inner\">\n\t\t<div class=\"elementor-element elementor-element-18b7e44 e-con-full e-flex e-con e-child\" data-id=\"18b7e44\" data-element_type=\"container\" data-e-type=\"container\">\n\t\t\t\t<div class=\"elementor-element elementor-element-87449b7 wd-width-100 elementor-widget elementor-widget-wd_title\" data-id=\"87449b7\" data-element_type=\"widget\" data-e-type=\"widget\" data-widget_type=\"wd_title.default\">\n\t\t\t\t<div class=\"elementor-widget-container\">\n\t\t\t\t\t\t\t<div class=\"title-wrapper wd-set-mb reset-last-child wd-title-color-default wd-title-style-default wd-title-size-large text-left\">\n\n\t\t\t\n\t\t\t<div class=\"liner-continer\">\n\t\t\t\t<h4 class=\"woodmart-title-container title wd-fontsize-xxl\">Cursos Ente\u00f3genos en la tradici\u00f3n ind\u00edgena<\/h4> \n\t\t\t\t\t\t\t<\/div>\n\n\t\t\t\t\t<\/div>\n\t\t\t\t\t\t<\/div>\n\t\t\t\t<\/div>\n\t\t\t\t<div class=\"elementor-element elementor-element-f41c1f7 elementor-widget elementor-widget-heading\" data-id=\"f41c1f7\" data-element_type=\"widget\" data-e-type=\"widget\" data-widget_type=\"heading.default\">\n\t\t\t\t<div class=\"elementor-widget-container\">\n\t\t\t\t\t<h2 class=\"elementor-heading-title elementor-size-default\">Description<\/h2>\t\t\t\t<\/div>\n\t\t\t\t<\/div>\n\t\t\t\t<div class=\"elementor-element elementor-element-6a7e1fa color-scheme-inherit text-left elementor-widget elementor-widget-text-editor\" data-id=\"6a7e1fa\" data-element_type=\"widget\" data-e-type=\"widget\" data-widget_type=\"text-editor.default\">\n\t\t\t\t<div class=\"elementor-widget-container\">\n\t\t\t\t\t\t\t\t\t<p><span style=\"font-weight: 400;\">Este curso se puede dictar en castellano, ingl\u00e9s, franc\u00e9s y portugu\u00e9s. El p\u00fablico es general o aquellos que se encuentran estudiando medicina hol\u00edstica, medicina ayurveda, yoga, sanaci\u00f3n. Los pueblos ind\u00edgenas de todo el mundo cuidan de forma sostenible alrededor del ochenta por ciento de la biodiversidad que queda en el planeta.<\/span><\/p>\t\t\t\t\t\t\t\t<\/div>\n\t\t\t\t<\/div>\n\t\t\t\t<div class=\"elementor-element elementor-element-49ab19b elementor-widget elementor-widget-heading\" data-id=\"49ab19b\" data-element_type=\"widget\" data-e-type=\"widget\" data-widget_type=\"heading.default\">\n\t\t\t\t<div class=\"elementor-widget-container\">\n\t\t\t\t\t<h2 class=\"elementor-heading-title elementor-size-default\">Content<\/h2>\t\t\t\t<\/div>\n\t\t\t\t<\/div>\n\t\t\t\t<div class=\"elementor-element elementor-element-e1e0a80 color-scheme-inherit text-left elementor-widget elementor-widget-text-editor\" data-id=\"e1e0a80\" data-element_type=\"widget\" data-e-type=\"widget\" data-widget_type=\"text-editor.default\">\n\t\t\t\t<div class=\"elementor-widget-container\">\n\t\t\t\t\t\t\t\t\t<p><span style=\"font-weight: 400;\">Perspectiva ind\u00edgena sobre el Renacimiento Psicod\u00e9lico.<\/span><\/p><p><span style=\"font-weight: 400;\">Reconociendo la existencia de la \u201cBrecha de empat\u00eda Racial\u201d.<\/span><\/p><p><span style=\"font-weight: 400;\">Consecuencias de la marginaci\u00f3n.<\/span><\/p><p><span style=\"font-weight: 400;\">Reindigenizaci\u00f3n. Empoderamiento de comunidades Ind\u00edgenas en el uso de Ente\u00f3genos como agentes terap\u00e9uticos<\/span><\/p><p><span style=\"font-weight: 400;\">Coexistencia armoniosa de la cosmovisi\u00f3n ente\u00f3gena ind\u00edgena y el mundo psicod\u00e9lico actual\u00a0<\/span><\/p>\t\t\t\t\t\t\t\t<\/div>\n\t\t\t\t<\/div>\n\t\t\t\t<\/div>\n\t\t<div class=\"elementor-element elementor-element-761a562 e-con-full e-flex e-con e-child\" data-id=\"761a562\" data-element_type=\"container\" data-e-type=\"container\">\n\t\t\t\t<div class=\"elementor-element elementor-element-d9c4634 elementor-widget elementor-widget-wd_image_or_svg\" data-id=\"d9c4634\" data-element_type=\"widget\" data-e-type=\"widget\" data-widget_type=\"wd_image_or_svg.default\">\n\t\t\t\t<div class=\"elementor-widget-container\">\n\t\t\t\t\t\n\t\t<div class=\"wd-image text-left\">\n\t\t\t\t\t\t\t\t<img decoding=\"async\" width=\"1270\" height=\"767\" data-src=\"https:\/\/kusyhampina.com\/wp-content\/uploads\/2025\/08\/Whisk_11343a2287-1-e1754969373881.jpg\" class=\"attachment-full size-full lazyload\" alt=\"\" data-srcset=\"https:\/\/kusyhampina.com\/wp-content\/uploads\/2025\/08\/Whisk_11343a2287-1-e1754969373881.jpg 1270w, https:\/\/kusyhampina.com\/wp-content\/uploads\/2025\/08\/Whisk_11343a2287-1-e1754969373881-430x260.jpg 430w, https:\/\/kusyhampina.com\/wp-content\/uploads\/2025\/08\/Whisk_11343a2287-1-e1754969373881-190x115.jpg 190w, https:\/\/kusyhampina.com\/wp-content\/uploads\/2025\/08\/Whisk_11343a2287-1-e1754969373881-700x423.jpg 700w, https:\/\/kusyhampina.com\/wp-content\/uploads\/2025\/08\/Whisk_11343a2287-1-e1754969373881-400x242.jpg 400w, https:\/\/kusyhampina.com\/wp-content\/uploads\/2025\/08\/Whisk_11343a2287-1-e1754969373881-768x464.jpg 768w\" data-sizes=\"(max-width: 1270px) 100vw, 1270px\" src=\"data:image\/gif;base64,R0lGODlhAQABAAAAACH5BAEKAAEALAAAAAABAAEAAAICTAEAOw==\" style=\"--smush-placeholder-width: 1270px; --smush-placeholder-aspect-ratio: 1270\/767;\" \/>\t\t\t\t\t<\/div>\n\n\t\t\t\t\t\t<\/div>\n\t\t\t\t<\/div>\n\t\t\t\t<div class=\"elementor-element elementor-element-c4a87f4 elementor-widget elementor-widget-heading\" data-id=\"c4a87f4\" data-element_type=\"widget\" data-e-type=\"widget\" data-widget_type=\"heading.default\">\n\t\t\t\t<div class=\"elementor-widget-container\">\n\t\t\t\t\t<h2 class=\"elementor-heading-title elementor-size-default\">Includes<\/h2>\t\t\t\t<\/div>\n\t\t\t\t<\/div>\n\t\t\t\t<div class=\"elementor-element elementor-element-748449e color-scheme-inherit text-left elementor-widget elementor-widget-text-editor\" data-id=\"748449e\" data-element_type=\"widget\" data-e-type=\"widget\" data-widget_type=\"text-editor.default\">\n\t\t\t\t<div class=\"elementor-widget-container\">\n\t\t\t\t\t\t\t\t\t<p><span style=\"font-weight: 400;\">Los pueblos ind\u00edgenas de todo el mundo cuidan de forma sostenible alrededor del ochenta por ciento de la biodiversidad que queda en el planeta.<\/span><\/p><p><span style=\"font-weight: 400;\">Las pr\u00e1cticas tradicionales ind\u00edgenas ofrecen soluciones eficaces para el clima, como los sistemas agr\u00edcolas sostenibles y la gesti\u00f3n del agua resistente al clima.<\/span><\/p>\t\t\t\t\t\t\t\t<\/div>\n\t\t\t\t<\/div>\n\t\t\t\t<\/div>\n\t\t\t\t\t<\/div>\n\t\t\t\t<\/div>\n\t\t\t\t<\/div>","protected":false},"excerpt":{"rendered":"<p><span style=\"font-weight: 400;\">This course can be taught in Spanish, English, French and Portuguese. The public is general or those who are studying holistic medicine, ayurvedic medicine, yoga, healing.<\/span><\/p>","protected":false},"featured_media":2406,"comment_status":"open","ping_status":"closed","template":"elementor_canvas","meta":[],"product_brand":[],"product_cat":[52],"product_tag":[],"class_list":{"0":"post-2388","1":"product","2":"type-product","3":"status-publish","4":"has-post-thumbnail","6":"product_cat-ceremonias","8":"first","9":"instock","10":"virtual","11":"sold-individually","12":"purchasable","13":"product-type-simple"},"aioseo_notices":[],"_links":{"self":[{"href":"https:\/\/kusyhampina.com\/en\/wp-json\/wp\/v2\/product\/2388","targetHints":{"allow":["GET"]}}],"collection":[{"href":"https:\/\/kusyhampina.com\/en\/wp-json\/wp\/v2\/product"}],"about":[{"href":"https:\/\/kusyhampina.com\/en\/wp-json\/wp\/v2\/types\/product"}],"replies":[{"embeddable":true,"href":"https:\/\/kusyhampina.com\/en\/wp-json\/wp\/v2\/comments?post=2388"}],"version-history":[{"count":12,"href":"https:\/\/kusyhampina.com\/en\/wp-json\/wp\/v2\/product\/2388\/revisions"}],"predecessor-version":[{"id":2410,"href":"https:\/\/kusyhampina.com\/en\/wp-json\/wp\/v2\/product\/2388\/revisions\/2410"}],"wp:featuredmedia":[{"embeddable":true,"href":"https:\/\/kusyhampina.com\/en\/wp-json\/wp\/v2\/media\/2406"}],"wp:attachment":[{"href":"https:\/\/kusyhampina.com\/en\/wp-json\/wp\/v2\/media?parent=2388"}],"wp:term":[{"taxonomy":"product_brand","embeddable":true,"href":"https:\/\/kusyhampina.com\/en\/wp-json\/wp\/v2\/product_brand?post=2388"},{"taxonomy":"product_cat","embeddable":true,"href":"https:\/\/kusyhampina.com\/en\/wp-json\/wp\/v2\/product_cat?post=2388"},{"taxonomy":"product_tag","embeddable":true,"href":"https:\/\/kusyhampina.com\/en\/wp-json\/wp\/v2\/product_tag?post=2388"}],"curies":[{"name":"wp","href":"https:\/\/api.w.org\/{rel}","templated":true}]}}