{"id":2376,"date":"2025-08-12T02:27:09","date_gmt":"2025-08-12T02:27:09","guid":{"rendered":"https:\/\/kusyhampina.com\/?post_type=product&#038;p=2376"},"modified":"2025-12-09T01:19:31","modified_gmt":"2025-12-09T01:19:31","slug":"ceremonias-willka-wachuma-macrodosis","status":"publish","type":"product","link":"https:\/\/kusyhampina.com\/en\/product-2\/ceremonias-willka-wachuma-macrodosis\/","title":{"rendered":"Willka Wachuma Ceremonies Psilocybin Macrodoses"},"content":{"rendered":"<div data-elementor-type=\"wp-post\" data-elementor-id=\"2376\" class=\"elementor elementor-2376\" data-elementor-post-type=\"product\">\n\t\t\t\t<div class=\"wd-negative-gap elementor-element elementor-element-2166202 e-flex e-con-boxed e-con e-parent\" data-id=\"2166202\" data-element_type=\"container\" data-e-type=\"container\">\n\t\t\t\t\t<div class=\"e-con-inner\">\n\t\t<div class=\"elementor-element elementor-element-18b7e44 e-con-full e-flex e-con e-child\" data-id=\"18b7e44\" data-element_type=\"container\" data-e-type=\"container\">\n\t\t\t\t<div class=\"elementor-element elementor-element-87449b7 wd-width-100 elementor-widget elementor-widget-wd_title\" data-id=\"87449b7\" data-element_type=\"widget\" data-e-type=\"widget\" data-widget_type=\"wd_title.default\">\n\t\t\t\t<div class=\"elementor-widget-container\">\n\t\t\t\t\t\t\t<div class=\"title-wrapper wd-set-mb reset-last-child wd-title-color-default wd-title-style-default wd-title-size-large text-left\">\n\n\t\t\t\n\t\t\t<div class=\"liner-continer\">\n\t\t\t\t<h4 class=\"woodmart-title-container title wd-fontsize-xxl\">Willka Wachuma Ceremonies Psilocybin Macrodoses<\/h4> \n\t\t\t\t\t\t\t<\/div>\n\n\t\t\t\t\t<\/div>\n\t\t\t\t\t\t<\/div>\n\t\t\t\t<\/div>\n\t\t\t\t<div class=\"elementor-element elementor-element-49ab19b elementor-widget elementor-widget-heading\" data-id=\"49ab19b\" data-element_type=\"widget\" data-e-type=\"widget\" data-widget_type=\"heading.default\">\n\t\t\t\t<div class=\"elementor-widget-container\">\n\t\t\t\t\t<h2 class=\"elementor-heading-title elementor-size-default\">Description<\/h2>\t\t\t\t<\/div>\n\t\t\t\t<\/div>\n\t\t\t\t<div class=\"elementor-element elementor-element-e1e0a80 color-scheme-inherit text-left elementor-widget elementor-widget-text-editor\" data-id=\"e1e0a80\" data-element_type=\"widget\" data-e-type=\"widget\" data-widget_type=\"text-editor.default\">\n\t\t\t\t<div class=\"elementor-widget-container\">\n\t\t\t\t\t\t\t\t\t<p><span style=\"font-weight: 400;\">Respetar las pr\u00e1cticas ind\u00edgenas al tiempo que aprovechar sus beneficios potenciales de manera responsable, uniendo la sabidur\u00eda del pasado con las necesidades actuales para un futuro m\u00e1s iluminado. <\/span><\/p><p><span style=\"font-weight: 400;\">Preservar y respetar el patrimonio inmaterial ente\u00f3geno de los pueblos ind\u00edgenas garantiza la creaci\u00f3n de una cultura de paz, resistencia, resiliencia\u00a0 y sobrevivencia digna.<\/span><\/p><p><span style=\"font-weight: 400;\">Integrar Experiencias Ente\u00f3genas en la Vida Cotidiana. <\/span><span style=\"font-weight: 400;\">Pilares filosofales de los pueblos ind\u00edgenas: reciprocidad, unicidad, complementariedad de los opuestos, colectividad, considerar al esp\u00edritu como la fuente de toda vida SPIRIT FIRST, la conceptualizaci\u00f3n del ambiente como un ser animado con alma y esp\u00edritu, pilares que se sustentan y enriquecen mediante el uso de ente\u00f3genos.<\/span><\/p><p><span style=\"font-weight: 400;\">\u00a0Entheogens have a deep cultural significance for many indigenous communities. They are not mere substances, but sacred tools that are used to connect with traditions, ancestors and loved ones, they are sacred elements that allow to build and maintain community.<\/span><\/p>\t\t\t\t\t\t\t\t<\/div>\n\t\t\t\t<\/div>\n\t\t\t\t<div class=\"elementor-element elementor-element-f41c1f7 elementor-widget elementor-widget-heading\" data-id=\"f41c1f7\" data-element_type=\"widget\" data-e-type=\"widget\" data-widget_type=\"heading.default\">\n\t\t\t\t<div class=\"elementor-widget-container\">\n\t\t\t\t\t<h2 class=\"elementor-heading-title elementor-size-default\">Content<\/h2>\t\t\t\t<\/div>\n\t\t\t\t<\/div>\n\t\t\t\t<div class=\"elementor-element elementor-element-6a7e1fa color-scheme-inherit text-left elementor-widget elementor-widget-text-editor\" data-id=\"6a7e1fa\" data-element_type=\"widget\" data-e-type=\"widget\" data-widget_type=\"text-editor.default\">\n\t\t\t\t<div class=\"elementor-widget-container\">\n\t\t\t\t\t\t\t\t\t<p><span style=\"font-weight: 400;\">Sesiones de toma de plantas maestras guiadas con facilitadora m\u00e9dica y curandera en ceremonia ancestral a la usanza tradicional.<\/span><\/p>\t\t\t\t\t\t\t\t<\/div>\n\t\t\t\t<\/div>\n\t\t\t\t<\/div>\n\t\t<div class=\"elementor-element elementor-element-761a562 e-con-full e-flex e-con e-child\" data-id=\"761a562\" data-element_type=\"container\" data-e-type=\"container\">\n\t\t\t\t<div class=\"elementor-element elementor-element-d9c4634 elementor-widget elementor-widget-wd_image_or_svg\" data-id=\"d9c4634\" data-element_type=\"widget\" data-e-type=\"widget\" data-widget_type=\"wd_image_or_svg.default\">\n\t\t\t\t<div class=\"elementor-widget-container\">\n\t\t\t\t\t\n\t\t<div class=\"wd-image text-left\">\n\t\t\t\t\t\t\t\t<img decoding=\"async\" width=\"1408\" height=\"768\" data-src=\"https:\/\/kusyhampina.com\/wp-content\/uploads\/2025\/08\/Imagen-creada-wiks.jpg\" class=\"attachment-full size-full lazyload\" alt=\"\" data-srcset=\"https:\/\/kusyhampina.com\/wp-content\/uploads\/2025\/08\/Imagen-creada-wiks.jpg 1408w, https:\/\/kusyhampina.com\/wp-content\/uploads\/2025\/08\/Imagen-creada-wiks-430x235.jpg 430w, https:\/\/kusyhampina.com\/wp-content\/uploads\/2025\/08\/Imagen-creada-wiks-190x104.jpg 190w, https:\/\/kusyhampina.com\/wp-content\/uploads\/2025\/08\/Imagen-creada-wiks-700x382.jpg 700w, https:\/\/kusyhampina.com\/wp-content\/uploads\/2025\/08\/Imagen-creada-wiks-400x218.jpg 400w, https:\/\/kusyhampina.com\/wp-content\/uploads\/2025\/08\/Imagen-creada-wiks-1300x709.jpg 1300w, https:\/\/kusyhampina.com\/wp-content\/uploads\/2025\/08\/Imagen-creada-wiks-768x419.jpg 768w\" data-sizes=\"(max-width: 1408px) 100vw, 1408px\" src=\"data:image\/gif;base64,R0lGODlhAQABAAAAACH5BAEKAAEALAAAAAABAAEAAAICTAEAOw==\" style=\"--smush-placeholder-width: 1408px; --smush-placeholder-aspect-ratio: 1408\/768;\" \/>\t\t\t\t\t<\/div>\n\n\t\t\t\t\t\t<\/div>\n\t\t\t\t<\/div>\n\t\t\t\t<div class=\"elementor-element elementor-element-c4a87f4 elementor-widget elementor-widget-heading\" data-id=\"c4a87f4\" data-element_type=\"widget\" data-e-type=\"widget\" data-widget_type=\"heading.default\">\n\t\t\t\t<div class=\"elementor-widget-container\">\n\t\t\t\t\t<h2 class=\"elementor-heading-title elementor-size-default\">Includes<\/h2>\t\t\t\t<\/div>\n\t\t\t\t<\/div>\n\t\t\t\t<div class=\"elementor-element elementor-element-748449e color-scheme-inherit text-left elementor-widget elementor-widget-text-editor\" data-id=\"748449e\" data-element_type=\"widget\" data-e-type=\"widget\" data-widget_type=\"text-editor.default\">\n\t\t\t\t<div class=\"elementor-widget-container\">\n\t\t\t\t\t\t\t\t\t<ul><li><span style=\"font-weight: 400;\">Sesi\u00f3n de inicio aproximaci\u00f3n a la intenci\u00f3n para la toma de planta sagrada y la necesidad.\u00a0<\/span><\/li><li><span style=\"font-weight: 400;\">Dieta- preparaci\u00f3n, sesi\u00f3n acompa\u00f1ada por m\u00fasica. Bebidas de hierbas curativas.<\/span><\/li><li><span style=\"font-weight: 400;\">Sesi\u00f3n de toma de planta sagrada-contenci\u00f3n- integraci\u00f3n,cierre.\u00a0<\/span><\/li><\/ul>\t\t\t\t\t\t\t\t<\/div>\n\t\t\t\t<\/div>\n\t\t\t\t<\/div>\n\t\t\t\t\t<\/div>\n\t\t\t\t<\/div>\n\t\t\t\t<\/div>","protected":false},"excerpt":{"rendered":"<p><span style=\"font-weight: 400;\">\u00a0Entheogens have a deep cultural significance for many indigenous communities. They are not mere substances, but sacred tools that are used to connect with traditions, ancestors and loved ones, they are sacred elements that allow to build and maintain community.<\/span><\/p>","protected":false},"featured_media":2382,"comment_status":"open","ping_status":"closed","template":"","meta":[],"product_brand":[],"product_cat":[52],"product_tag":[],"class_list":{"0":"post-2376","1":"product","2":"type-product","3":"status-publish","4":"has-post-thumbnail","6":"product_cat-ceremonias","8":"first","9":"instock","10":"virtual","11":"sold-individually","12":"purchasable","13":"product-type-simple"},"aioseo_notices":[],"_links":{"self":[{"href":"https:\/\/kusyhampina.com\/en\/wp-json\/wp\/v2\/product\/2376","targetHints":{"allow":["GET"]}}],"collection":[{"href":"https:\/\/kusyhampina.com\/en\/wp-json\/wp\/v2\/product"}],"about":[{"href":"https:\/\/kusyhampina.com\/en\/wp-json\/wp\/v2\/types\/product"}],"replies":[{"embeddable":true,"href":"https:\/\/kusyhampina.com\/en\/wp-json\/wp\/v2\/comments?post=2376"}],"version-history":[{"count":9,"href":"https:\/\/kusyhampina.com\/en\/wp-json\/wp\/v2\/product\/2376\/revisions"}],"predecessor-version":[{"id":2387,"href":"https:\/\/kusyhampina.com\/en\/wp-json\/wp\/v2\/product\/2376\/revisions\/2387"}],"wp:featuredmedia":[{"embeddable":true,"href":"https:\/\/kusyhampina.com\/en\/wp-json\/wp\/v2\/media\/2382"}],"wp:attachment":[{"href":"https:\/\/kusyhampina.com\/en\/wp-json\/wp\/v2\/media?parent=2376"}],"wp:term":[{"taxonomy":"product_brand","embeddable":true,"href":"https:\/\/kusyhampina.com\/en\/wp-json\/wp\/v2\/product_brand?post=2376"},{"taxonomy":"product_cat","embeddable":true,"href":"https:\/\/kusyhampina.com\/en\/wp-json\/wp\/v2\/product_cat?post=2376"},{"taxonomy":"product_tag","embeddable":true,"href":"https:\/\/kusyhampina.com\/en\/wp-json\/wp\/v2\/product_tag?post=2376"}],"curies":[{"name":"wp","href":"https:\/\/api.w.org\/{rel}","templated":true}]}}