{"id":2566,"date":"2025-11-12T23:04:01","date_gmt":"2025-11-12T23:04:01","guid":{"rendered":"https:\/\/kusyhampina.com\/?page_id=2566"},"modified":"2025-11-17T03:27:46","modified_gmt":"2025-11-17T03:27:46","slug":"ceremonies","status":"publish","type":"page","link":"https:\/\/kusyhampina.com\/en\/ceremonies\/","title":{"rendered":"Ceremonies"},"content":{"rendered":"<div data-elementor-type=\"wp-page\" data-elementor-id=\"2566\" class=\"elementor elementor-2566\" data-elementor-post-type=\"page\">\n\t\t\t\t<div class=\"elementor-element elementor-element-9493dfb e-flex e-con-boxed e-con e-parent\" data-id=\"9493dfb\" data-element_type=\"container\" data-e-type=\"container\">\n\t\t\t\t\t<div class=\"e-con-inner\">\n\t\t<div class=\"elementor-element elementor-element-aec3b0c e-con-full e-flex e-con e-child\" data-id=\"aec3b0c\" data-element_type=\"container\" data-e-type=\"container\">\n\t\t\t\t<div class=\"elementor-element elementor-element-2533701 elementor--h-position-left elementor--v-position-middle elementor-arrows-position-inside elementor-pagination-position-inside elementor-widget elementor-widget-slides\" data-id=\"2533701\" data-element_type=\"widget\" data-e-type=\"widget\" data-settings=\"{&quot;navigation&quot;:&quot;both&quot;,&quot;autoplay&quot;:&quot;yes&quot;,&quot;pause_on_hover&quot;:&quot;yes&quot;,&quot;pause_on_interaction&quot;:&quot;yes&quot;,&quot;autoplay_speed&quot;:5000,&quot;infinite&quot;:&quot;yes&quot;,&quot;transition&quot;:&quot;slide&quot;,&quot;transition_speed&quot;:500}\" data-widget_type=\"slides.default\">\n\t\t\t\t<div class=\"elementor-widget-container\">\n\t\t\t\t\t\t\t\t\t<div class=\"elementor-swiper\">\n\t\t\t\t\t<div class=\"elementor-slides-wrapper elementor-main-swiper swiper\" role=\"region\" aria-roledescription=\"carousel\" aria-label=\"Slides\" dir=\"ltr\" data-animation=\"fadeInUp\">\n\t\t\t\t<div class=\"swiper-wrapper elementor-slides\">\n\t\t\t\t\t\t\t\t\t\t<div class=\"elementor-repeater-item-2a7cb6f swiper-slide\" role=\"group\" aria-roledescription=\"slide\"><div class=\"swiper-slide-bg\" role=\"img\"><\/div><div class=\"elementor-background-overlay\"><\/div><a class=\"swiper-slide-inner\" href=\"https:\/\/kusyhampina.com\/en\/product-2\/emotional-healing-retreat\/\"><div class=\"swiper-slide-contents\"><div class=\"elementor-slide-heading\">Emotional healing retreat <\/div><div class=\"elementor-slide-description\">Temazcal<\/div><div  class=\"elementor-button elementor-slide-button elementor-size-sm\">+ info<\/div><\/div><\/a><\/div><div class=\"elementor-repeater-item-022d8a1 swiper-slide\" role=\"group\" aria-roledescription=\"slide\"><div class=\"swiper-slide-bg\" role=\"img\"><\/div><div class=\"elementor-background-overlay\"><\/div><a class=\"swiper-slide-inner\" href=\"https:\/\/kusyhampina.com\/en\/product-2\/indigenous-medicine-school\/\"><div class=\"swiper-slide-contents\"><div class=\"elementor-slide-heading\">Medicinal School<\/div><div class=\"elementor-slide-description\">Product development<\/div><div  class=\"elementor-button elementor-slide-button elementor-size-sm\">+ info<\/div><\/div><\/a><\/div><div class=\"elementor-repeater-item-6d629e8 swiper-slide\" role=\"group\" aria-roledescription=\"slide\"><div class=\"swiper-slide-bg\" role=\"img\"><\/div><div class=\"elementor-background-overlay\"><\/div><a class=\"swiper-slide-inner\" href=\"https:\/\/kusyhampina.com\/en\/product-2\/cursos-enteogenos\/\"><div class=\"swiper-slide-contents\"><div class=\"elementor-slide-heading\">Enthogens<\/div><div class=\"elementor-slide-description\">Indigenous traditional practices<\/div><div  class=\"elementor-button elementor-slide-button elementor-size-sm\">+ info<\/div><\/div><\/a><\/div>\t\t\t\t<\/div>\n\t\t\t\t\t\t\t\t\t\t\t\t\t\t\t<div class=\"elementor-swiper-button elementor-swiper-button-prev\" role=\"button\" tabindex=\"0\" aria-label=\"Previous slide\">\n\t\t\t\t\t\t\t<svg aria-hidden=\"true\" class=\"e-font-icon-svg e-eicon-chevron-left\" viewbox=\"0 0 1000 1000\" xmlns=\"http:\/\/www.w3.org\/2000\/svg\"><path d=\"M646 125C629 125 613 133 604 142L308 442C296 454 292 471 292 487 292 504 296 521 308 533L604 854C617 867 629 875 646 875 663 875 679 871 692 858 704 846 713 829 713 812 713 796 708 779 692 767L438 487 692 225C700 217 708 204 708 187 708 171 704 154 692 142 675 129 663 125 646 125Z\"><\/path><\/svg>\t\t\t\t\t\t<\/div>\n\t\t\t\t\t\t<div class=\"elementor-swiper-button elementor-swiper-button-next\" role=\"button\" tabindex=\"0\" aria-label=\"Next slide\">\n\t\t\t\t\t\t\t<svg aria-hidden=\"true\" class=\"e-font-icon-svg e-eicon-chevron-right\" viewbox=\"0 0 1000 1000\" xmlns=\"http:\/\/www.w3.org\/2000\/svg\"><path d=\"M696 533C708 521 713 504 713 487 713 471 708 454 696 446L400 146C388 133 375 125 354 125 338 125 325 129 313 142 300 154 292 171 292 187 292 204 296 221 308 233L563 492 304 771C292 783 288 800 288 817 288 833 296 850 308 863 321 871 338 875 354 875 371 875 388 867 400 854L696 533Z\"><\/path><\/svg>\t\t\t\t\t\t<\/div>\n\t\t\t\t\t\t\t\t\t\t\t\t\t\t\t\t<div class=\"swiper-pagination\"><\/div>\n\t\t\t\t\t\t\t\t\t\t\t\t<\/div>\n\t\t\t\t<\/div>\n\t\t\t\t\t\t\t\t<\/div>\n\t\t\t\t<\/div>\n\t\t\t\t<\/div>\n\t\t\t\t\t<\/div>\n\t\t\t\t<\/div>\n\t\t<div class=\"elementor-element elementor-element-2fb7643 e-flex e-con-boxed e-con e-parent\" data-id=\"2fb7643\" data-element_type=\"container\" data-e-type=\"container\">\n\t\t\t\t\t<div class=\"e-con-inner\">\n\t\t<div class=\"elementor-element elementor-element-c38e366 e-con-full e-flex e-con e-child\" data-id=\"c38e366\" data-element_type=\"container\" data-e-type=\"container\">\n\t\t\t\t<div class=\"elementor-element elementor-element-ebc42e0 wd-width-100 elementor-widget elementor-widget-wd_title\" data-id=\"ebc42e0\" data-element_type=\"widget\" data-e-type=\"widget\" data-widget_type=\"wd_title.default\">\n\t\t\t\t<div class=\"elementor-widget-container\">\n\t\t\t\t\t\t\t<div class=\"title-wrapper wd-set-mb reset-last-child wd-title-color-default wd-title-style-default wd-title-size-medium text-left\">\n\n\t\t\t\n\t\t\t<div class=\"liner-continer\">\n\t\t\t\t<h4 class=\"woodmart-title-container title wd-fontsize-xl\">Ceremonies<\/h4> \n\t\t\t\t\t\t\t<\/div>\n\n\t\t\t\t\t\t\t<div class=\"title-after_title reset-last-child wd-fontsize-s\">\n\t\t\t\t\t<p>Learn while you live a transcendental experience.<\/p>\t\t\t\t<\/div>\n\t\t\t\t\t<\/div>\n\t\t\t\t\t\t<\/div>\n\t\t\t\t<\/div>\n\t\t\t\t<\/div>\n\t\t\t\t<div class=\"elementor-element elementor-element-47ab6d2 wd-width-100 elementor-widget elementor-widget-wd_products\" data-id=\"47ab6d2\" data-element_type=\"widget\" data-e-type=\"widget\" data-widget_type=\"wd_products.default\">\n\t\t\t\t<div class=\"elementor-widget-container\">\n\t\t\t\t\t\t\t\t\t\t<div class=\"wd-products-element\">\n\n\t\t\t\n\t\t\t\n\t\t\t\n\t\t\t<div class=\"products wd-products elements-list wd-grid-g wd-loop-builder-off\" data-paged=\"1\" data-atts=\"{&quot;speed&quot;:null,&quot;slides_per_view&quot;:null,&quot;wrap&quot;:null,&quot;autoplay&quot;:null,&quot;autoheight&quot;:null,&quot;hide_pagination_control&quot;:null,&quot;dynamic_pagination_control&quot;:null,&quot;hide_prev_next_buttons&quot;:null,&quot;carousel_arrows_position&quot;:null,&quot;hide_scrollbar&quot;:null,&quot;scroll_per_page&quot;:null,&quot;center_mode&quot;:null,&quot;spacing&quot;:null,&quot;carousel_sync&quot;:null,&quot;sync_parent_id&quot;:null,&quot;sync_child_id&quot;:null,&quot;scroll_carousel_init&quot;:null,&quot;disable_overflow_carousel&quot;:null,&quot;include&quot;:null,&quot;taxonomies&quot;:[&quot;52&quot;],&quot;meta_key&quot;:null,&quot;shop_tools&quot;:null,&quot;ajax_recently_viewed&quot;:null,&quot;layout&quot;:&quot;list&quot;,&quot;pagination_arrows_position&quot;:null,&quot;items_per_page&quot;:&quot;4&quot;,&quot;list_spacing&quot;:&quot;&quot;,&quot;columns&quot;:null,&quot;products_masonry&quot;:null,&quot;products_different_sizes&quot;:null,&quot;product_quantity&quot;:&quot;&quot;,&quot;product_hover&quot;:null,&quot;product_custom_hover&quot;:null,&quot;sale_countdown&quot;:&quot;0&quot;,&quot;stretch_product&quot;:null,&quot;stock_progress_bar&quot;:&quot;0&quot;,&quot;highlighted_products&quot;:&quot;0&quot;,&quot;products_divider&quot;:null,&quot;products_bordered_grid&quot;:&quot;0&quot;,&quot;products_bordered_grid_style&quot;:null,&quot;products_with_background&quot;:&quot;0&quot;,&quot;products_shadow&quot;:&quot;0&quot;,&quot;img_size&quot;:&quot;custom&quot;,&quot;img_size_custom&quot;:{&quot;width&quot;:&quot;430&quot;,&quot;height&quot;:&quot;490&quot;},&quot;grid_gallery_control&quot;:null,&quot;grid_gallery_enable_arrows&quot;:null,&quot;elementor&quot;:true,&quot;force_not_ajax&quot;:&quot;no&quot;}\" data-source=\"shortcode\" data-columns=\"\" style=\"--wd-col-lg:1;--wd-col-md:1;--wd-col-sm:1;\">\n\t\t\n\t\t\t\t\t\t\t\t<div class=\"wd-product wd-col product-list-item product-grid-item product type-product post-2376 status-publish instock product_cat-ceremonias has-post-thumbnail virtual sold-individually purchasable product-type-simple\" data-loop=\"1\" data-id=\"2376\">\n\t\n\t<div class=\"wd-product-wrapper product-wrapper\">\n\t\t<div class=\"wd-product-thumb product-element-top wd-quick-shop\">\n\t\t\t<a href=\"https:\/\/kusyhampina.com\/en\/product-2\/ceremonias-willka-wachuma-macrodosis\/\" class=\"wd-product-img-link product-image-link\" tabindex=\"-1\" aria-label=\"Willka Wachuma Ceremonies Psilocybin Macrodoses\">\n\t\t\t\t<img decoding=\"async\" width=\"430\" height=\"490\" data-src=\"https:\/\/kusyhampina.com\/wp-content\/uploads\/2025\/08\/Imagen-creada-wiks-430x490.jpg\" class=\"attachment-430x490 size-430x490 lazyload\" alt=\"\" src=\"data:image\/gif;base64,R0lGODlhAQABAAAAACH5BAEKAAEALAAAAAABAAEAAAICTAEAOw==\" style=\"--smush-placeholder-width: 430px; --smush-placeholder-aspect-ratio: 430\/490;\" \/>\t\t\t<\/a>\n\n\t\t\t\n\t\t\t<div class=\"wd-buttons wd-pos-r-t\">\n\t\t\t\t\t\t\t\t\t\t<div class=\"wd-quick-view-btn wd-quick-view-icon wd-action-btn wd-style-icon\">\n\t\t\t<a\n\t\t\t\thref=\"https:\/\/kusyhampina.com\/en\/product-2\/ceremonias-willka-wachuma-macrodosis\/\"\n\t\t\t\tclass=\"open-quick-view\"\n\t\t\t\trel=\"nofollow\"\n\t\t\t\tdata-id=\"2376\"\n\t\t\t\t>\n\t\t\t\t\t<span class=\"wd-action-icon\"><\/span>\n\t\t\t\t\t<span class=\"wd-action-text\">\n\t\t\t\t\t\tQuick view\t\t\t\t\t<\/span>\n\t\t\t<\/a>\n\t\t<\/div>\n\t\t\t\t\t\t\t\t\t\t\t\t\t<div class=\"wd-wishlist-btn wd-action-btn wd-style-icon wd-wishlist-icon\">\n\t\t\t\t<a class=\"\" href=\"https:\/\/kusyhampina.com\/en\/wishlist\/\" data-key=\"7b13a58a52\" data-product-id=\"2376\" rel=\"nofollow\">\n\t\t\t\t\t<span class=\"wd-action-icon\">\n\t\t\t\t\t\t<span class=\"wd-check-icon\"><\/span>\n\t\t\t\t\t<\/span>\n\t\t\t\t\t<span class=\"wd-action-text\">Add to wishlist<\/span>\n\t\t\t\t<\/a>\n\t\t\t<\/div>\n\t\t\t\t\t<\/div>\n\t\t<\/div>\n\n\t\t<div class=\"product-list-content wd-scroll\">\n\t\t\t<h3 class=\"wd-entities-title\"><a href=\"https:\/\/kusyhampina.com\/en\/product-2\/ceremonias-willka-wachuma-macrodosis\/\">Willka Wachuma Ceremonies Psilocybin Macrodoses<\/a><\/h3>\t\t\t\t\t\t\t\t\n\t\t\t\t<div class=\"star-rating\" role=\"img\" aria-label=\"Rated 0 out of 5\" data-no-translation-aria-label=\"\">\n\t\t\t\t\t<span style=\"width:0%\">\n\t\t\tRated <strong class=\"rating\">0<\/strong> out of 5\t\t<\/span>\n\t\t\t\t<\/div>\n\n\t\t\n\t\t\t\t\t\t\t\t\t\t\n\t<span class=\"price\"><span class=\"woocommerce-Price-amount amount\"><bdi><span class=\"woocommerce-Price-currencySymbol\">S\/<\/span>&nbsp;500.00<\/bdi><\/span><\/span>\n\t\t\t\t\t\t<div class=\"woocommerce-product-details__short-description\">\n\t<p><span style=\"font-weight: 400;\">\u00a0Entheogens have a deep cultural significance for many indigenous communities. They are not mere substances, but sacred tools that are used to connect with traditions, ancestors and loved ones, they are sacred elements that allow to build and maintain community.<\/span><\/p>\n<\/div>\n\t\t\t\n\t\t\t\n\t\t\t\n\t\t\t<div class=\"wd-add-btn wd-add-btn-replace\">\n\t\t\t\t\n\t\t\t\t<a href=\"\/en\/wp-json\/wp\/v2\/pages\/2566?add-to-cart=2376\" aria-describedby=\"woocommerce_loop_add_to_cart_link_describedby_2376\" data-quantity=\"1\" class=\"button product_type_simple add_to_cart_button ajax_add_to_cart add-to-cart-loop\" data-product_id=\"2376\" data-product_sku=\"WP-0054-1-1-2\" aria-label=\"Add to cart: \u201cCeremonias de Willka Wachuma Macrodosis de Psilocibina\u201d\" rel=\"nofollow\" data-success_message=\"\u201cCeremonias de Willka Wachuma Macrodosis de Psilocibina\u201d has been added to your cart\" role=\"button\" data-no-translation-aria-label=\"\" data-no-translation-data-success_message=\"\"><span class=\"wd-action-icon\"><span class=\"wd-check-icon\"><\/span><\/span><span class=\"wd-action-text\" data-no-translation=\"\" data-trp-gettext=\"\">Add to cart<\/span><\/a>\t<span id=\"woocommerce_loop_add_to_cart_link_describedby_2376\" class=\"screen-reader-text\">\n\t\t\t<\/span>\n\t\t\t<\/div>\n\n\t\t\t\t\t<\/div>\n\t<\/div>\n<\/div>\n\t\t\t\t\t\t\t\t<div class=\"wd-product wd-col product-list-item product-grid-item product type-product post-2388 status-publish instock product_cat-ceremonias has-post-thumbnail virtual sold-individually purchasable product-type-simple\" data-loop=\"2\" data-id=\"2388\">\n\t\n\t<div class=\"wd-product-wrapper product-wrapper\">\n\t\t<div class=\"wd-product-thumb product-element-top wd-quick-shop\">\n\t\t\t<a href=\"https:\/\/kusyhampina.com\/en\/product-2\/cursos-enteogenos\/\" class=\"wd-product-img-link product-image-link\" tabindex=\"-1\" aria-label=\"Courses Enteogens in the Indigenous Tradition\">\n\t\t\t\t<img decoding=\"async\" width=\"430\" height=\"490\" data-src=\"https:\/\/kusyhampina.com\/wp-content\/uploads\/2025\/08\/Whisk_11343a2287-2-430x490.jpg\" class=\"attachment-430x490 size-430x490 lazyload\" alt=\"\" src=\"data:image\/gif;base64,R0lGODlhAQABAAAAACH5BAEKAAEALAAAAAABAAEAAAICTAEAOw==\" style=\"--smush-placeholder-width: 430px; --smush-placeholder-aspect-ratio: 430\/490;\" \/>\t\t\t<\/a>\n\n\t\t\t\n\t\t\t<div class=\"wd-buttons wd-pos-r-t\">\n\t\t\t\t\t\t\t\t\t\t<div class=\"wd-quick-view-btn wd-quick-view-icon wd-action-btn wd-style-icon\">\n\t\t\t<a\n\t\t\t\thref=\"https:\/\/kusyhampina.com\/en\/product-2\/cursos-enteogenos\/\"\n\t\t\t\tclass=\"open-quick-view\"\n\t\t\t\trel=\"nofollow\"\n\t\t\t\tdata-id=\"2388\"\n\t\t\t\t>\n\t\t\t\t\t<span class=\"wd-action-icon\"><\/span>\n\t\t\t\t\t<span class=\"wd-action-text\">\n\t\t\t\t\t\tQuick view\t\t\t\t\t<\/span>\n\t\t\t<\/a>\n\t\t<\/div>\n\t\t\t\t\t\t\t\t\t\t\t\t\t<div class=\"wd-wishlist-btn wd-action-btn wd-style-icon wd-wishlist-icon\">\n\t\t\t\t<a class=\"\" href=\"https:\/\/kusyhampina.com\/en\/wishlist\/\" data-key=\"7b13a58a52\" data-product-id=\"2388\" rel=\"nofollow\">\n\t\t\t\t\t<span class=\"wd-action-icon\">\n\t\t\t\t\t\t<span class=\"wd-check-icon\"><\/span>\n\t\t\t\t\t<\/span>\n\t\t\t\t\t<span class=\"wd-action-text\">Add to wishlist<\/span>\n\t\t\t\t<\/a>\n\t\t\t<\/div>\n\t\t\t\t\t<\/div>\n\t\t<\/div>\n\n\t\t<div class=\"product-list-content wd-scroll\">\n\t\t\t<h3 class=\"wd-entities-title\"><a href=\"https:\/\/kusyhampina.com\/en\/product-2\/cursos-enteogenos\/\">Courses Enteogens in the Indigenous Tradition<\/a><\/h3>\t\t\t\t\t\t\t\t\n\t\t\t\t<div class=\"star-rating\" role=\"img\" aria-label=\"Rated 0 out of 5\" data-no-translation-aria-label=\"\">\n\t\t\t\t\t<span style=\"width:0%\">\n\t\t\tRated <strong class=\"rating\">0<\/strong> out of 5\t\t<\/span>\n\t\t\t\t<\/div>\n\n\t\t\n\t\t\t\t\t\t\t\t\t\t\n\t<span class=\"price\"><span class=\"woocommerce-Price-amount amount\"><bdi><span class=\"woocommerce-Price-currencySymbol\">S\/<\/span>&nbsp;500.00<\/bdi><\/span><\/span>\n\t\t\t\t\t\t<div class=\"woocommerce-product-details__short-description\">\n\t<p><span style=\"font-weight: 400;\">This course can be taught in Spanish, English, French and Portuguese. The public is general or those who are studying holistic medicine, ayurvedic medicine, yoga, healing.<\/span><\/p>\n<\/div>\n\t\t\t\n\t\t\t\n\t\t\t\n\t\t\t<div class=\"wd-add-btn wd-add-btn-replace\">\n\t\t\t\t\n\t\t\t\t<a href=\"\/en\/wp-json\/wp\/v2\/pages\/2566?add-to-cart=2388\" aria-describedby=\"woocommerce_loop_add_to_cart_link_describedby_2388\" data-quantity=\"1\" class=\"button product_type_simple add_to_cart_button ajax_add_to_cart add-to-cart-loop\" data-product_id=\"2388\" data-product_sku=\"WP-0054-1-1-1-1\" aria-label=\"Add to cart: \u201cCursos Ente\u00f3genos en la Tradici\u00f3n Ind\u00edgena\u201d\" rel=\"nofollow\" data-success_message=\"\u201cCursos Ente\u00f3genos en la Tradici\u00f3n Ind\u00edgena\u201d has been added to your cart\" role=\"button\" data-no-translation-aria-label=\"\" data-no-translation-data-success_message=\"\"><span class=\"wd-action-icon\"><span class=\"wd-check-icon\"><\/span><\/span><span class=\"wd-action-text\" data-no-translation=\"\" data-trp-gettext=\"\">Add to cart<\/span><\/a>\t<span id=\"woocommerce_loop_add_to_cart_link_describedby_2388\" class=\"screen-reader-text\">\n\t\t\t<\/span>\n\t\t\t<\/div>\n\n\t\t\t\t\t<\/div>\n\t<\/div>\n<\/div>\n\t\t\t\t\t\t\t\t<div class=\"wd-product wd-col product-list-item product-grid-item product type-product post-2339 status-publish last instock product_cat-ceremonias has-post-thumbnail virtual sold-individually purchasable product-type-simple\" data-loop=\"3\" data-id=\"2339\">\n\t\n\t<div class=\"wd-product-wrapper product-wrapper\">\n\t\t<div class=\"wd-product-thumb product-element-top wd-quick-shop\">\n\t\t\t<a href=\"https:\/\/kusyhampina.com\/en\/product-2\/indigenous-medicine-school\/\" class=\"wd-product-img-link product-image-link\" tabindex=\"-1\" aria-label=\"School&lt;br&gt;Indigenous Medicine\">\n\t\t\t\t<img decoding=\"async\" width=\"430\" height=\"490\" data-src=\"https:\/\/kusyhampina.com\/wp-content\/uploads\/2025\/08\/Whisk_35548daf08-430x490.jpg\" class=\"attachment-430x490 size-430x490 lazyload\" alt=\"\" src=\"data:image\/gif;base64,R0lGODlhAQABAAAAACH5BAEKAAEALAAAAAABAAEAAAICTAEAOw==\" style=\"--smush-placeholder-width: 430px; --smush-placeholder-aspect-ratio: 430\/490;\" \/>\t\t\t<\/a>\n\n\t\t\t\n\t\t\t<div class=\"wd-buttons wd-pos-r-t\">\n\t\t\t\t\t\t\t\t\t\t<div class=\"wd-quick-view-btn wd-quick-view-icon wd-action-btn wd-style-icon\">\n\t\t\t<a\n\t\t\t\thref=\"https:\/\/kusyhampina.com\/en\/product-2\/indigenous-medicine-school\/\"\n\t\t\t\tclass=\"open-quick-view\"\n\t\t\t\trel=\"nofollow\"\n\t\t\t\tdata-id=\"2339\"\n\t\t\t\t>\n\t\t\t\t\t<span class=\"wd-action-icon\"><\/span>\n\t\t\t\t\t<span class=\"wd-action-text\">\n\t\t\t\t\t\tQuick view\t\t\t\t\t<\/span>\n\t\t\t<\/a>\n\t\t<\/div>\n\t\t\t\t\t\t\t\t\t\t\t\t\t<div class=\"wd-wishlist-btn wd-action-btn wd-style-icon wd-wishlist-icon\">\n\t\t\t\t<a class=\"\" href=\"https:\/\/kusyhampina.com\/en\/wishlist\/\" data-key=\"7b13a58a52\" data-product-id=\"2339\" rel=\"nofollow\">\n\t\t\t\t\t<span class=\"wd-action-icon\">\n\t\t\t\t\t\t<span class=\"wd-check-icon\"><\/span>\n\t\t\t\t\t<\/span>\n\t\t\t\t\t<span class=\"wd-action-text\">Add to wishlist<\/span>\n\t\t\t\t<\/a>\n\t\t\t<\/div>\n\t\t\t\t\t<\/div>\n\t\t<\/div>\n\n\t\t<div class=\"product-list-content wd-scroll\">\n\t\t\t<h3 class=\"wd-entities-title\"><a href=\"https:\/\/kusyhampina.com\/en\/product-2\/indigenous-medicine-school\/\">School<br>Indigenous Medicine<\/a><\/h3>\t\t\t\t\t\t\t\t\n\t\t\t\t<div class=\"star-rating\" role=\"img\" aria-label=\"Rated 0 out of 5\" data-no-translation-aria-label=\"\">\n\t\t\t\t\t<span style=\"width:0%\">\n\t\t\tRated <strong class=\"rating\">0<\/strong> out of 5\t\t<\/span>\n\t\t\t\t<\/div>\n\n\t\t\n\t\t\t\t\t\t\t\t\t\t\n\t<span class=\"price\"><span class=\"woocommerce-Price-amount amount\"><bdi><span class=\"woocommerce-Price-currencySymbol\">S\/<\/span>&nbsp;500.00<\/bdi><\/span><\/span>\n\t\t\t\t\t\t<div class=\"woocommerce-product-details__short-description\">\n\t<p><span style=\"font-weight: 400;\">What is presented to westerners in the search for shamanism is a tradition that develops in a mythical time, unfortunately lost, where the figure of the shaman is constituted as the link between this lost space and the present. In our case, we will analyze the dynamics of the relationship between healers, shamans and users, as it is presented in the market of therapeutic resources of Peruvian traditional medicine.<\/span><\/p>\n<\/div>\n\t\t\t\n\t\t\t\n\t\t\t\n\t\t\t<div class=\"wd-add-btn wd-add-btn-replace\">\n\t\t\t\t\n\t\t\t\t<a href=\"\/en\/wp-json\/wp\/v2\/pages\/2566?add-to-cart=2339\" aria-describedby=\"woocommerce_loop_add_to_cart_link_describedby_2339\" data-quantity=\"1\" class=\"button product_type_simple add_to_cart_button ajax_add_to_cart add-to-cart-loop\" data-product_id=\"2339\" data-product_sku=\"escuela-medicina\" aria-label=\"Add to cart: \u201cEscuelaMedicina Ind\u00edgena\u201d\" rel=\"nofollow\" data-success_message=\"\u201cEscuela&lt;br&gt;Medicina Ind\u00edgena\u201d has been added to your cart\" role=\"button\" data-no-translation-aria-label=\"\" data-no-translation-data-success_message=\"\"><span class=\"wd-action-icon\"><span class=\"wd-check-icon\"><\/span><\/span><span class=\"wd-action-text\" data-no-translation=\"\" data-trp-gettext=\"\">Add to cart<\/span><\/a>\t<span id=\"woocommerce_loop_add_to_cart_link_describedby_2339\" class=\"screen-reader-text\">\n\t\t\t<\/span>\n\t\t\t<\/div>\n\n\t\t\t\t\t<\/div>\n\t<\/div>\n<\/div>\n\t\t\t\t\t\t\t\t<div class=\"wd-product wd-col product-list-item product-grid-item product type-product post-2331 status-publish first instock product_cat-ceremonias has-post-thumbnail featured virtual sold-individually purchasable product-type-simple\" data-loop=\"4\" data-id=\"2331\">\n\t\n\t<div class=\"wd-product-wrapper product-wrapper\">\n\t\t<div class=\"wd-product-thumb product-element-top wd-quick-shop\">\n\t\t\t<a href=\"https:\/\/kusyhampina.com\/en\/product-2\/emotional-healing-retreat\/\" class=\"wd-product-img-link product-image-link\" tabindex=\"-1\" aria-label=\"Retreat&lt;br&gt;Emotional Healing\">\n\t\t\t\t<img decoding=\"async\" width=\"430\" height=\"490\" data-src=\"https:\/\/kusyhampina.com\/wp-content\/uploads\/2025\/08\/banos-termales-430x490.png\" class=\"attachment-430x490 size-430x490 lazyload\" alt=\"\" src=\"data:image\/gif;base64,R0lGODlhAQABAAAAACH5BAEKAAEALAAAAAABAAEAAAICTAEAOw==\" style=\"--smush-placeholder-width: 430px; --smush-placeholder-aspect-ratio: 430\/490;\" \/>\t\t\t<\/a>\n\n\t\t\t\n\t\t\t<div class=\"wd-buttons wd-pos-r-t\">\n\t\t\t\t\t\t\t\t\t\t<div class=\"wd-quick-view-btn wd-quick-view-icon wd-action-btn wd-style-icon\">\n\t\t\t<a\n\t\t\t\thref=\"https:\/\/kusyhampina.com\/en\/product-2\/emotional-healing-retreat\/\"\n\t\t\t\tclass=\"open-quick-view\"\n\t\t\t\trel=\"nofollow\"\n\t\t\t\tdata-id=\"2331\"\n\t\t\t\t>\n\t\t\t\t\t<span class=\"wd-action-icon\"><\/span>\n\t\t\t\t\t<span class=\"wd-action-text\">\n\t\t\t\t\t\tQuick view\t\t\t\t\t<\/span>\n\t\t\t<\/a>\n\t\t<\/div>\n\t\t\t\t\t\t\t\t\t\t\t\t\t<div class=\"wd-wishlist-btn wd-action-btn wd-style-icon wd-wishlist-icon\">\n\t\t\t\t<a class=\"\" href=\"https:\/\/kusyhampina.com\/en\/wishlist\/\" data-key=\"7b13a58a52\" data-product-id=\"2331\" rel=\"nofollow\">\n\t\t\t\t\t<span class=\"wd-action-icon\">\n\t\t\t\t\t\t<span class=\"wd-check-icon\"><\/span>\n\t\t\t\t\t<\/span>\n\t\t\t\t\t<span class=\"wd-action-text\">Add to wishlist<\/span>\n\t\t\t\t<\/a>\n\t\t\t<\/div>\n\t\t\t\t\t<\/div>\n\t\t<\/div>\n\n\t\t<div class=\"product-list-content wd-scroll\">\n\t\t\t<h3 class=\"wd-entities-title\"><a href=\"https:\/\/kusyhampina.com\/en\/product-2\/emotional-healing-retreat\/\">Retreat<br>Emotional Healing<\/a><\/h3>\t\t\t\t\t\t\t\t\n\t\t\t\t<div class=\"star-rating\" role=\"img\" aria-label=\"Rated 0 out of 5\" data-no-translation-aria-label=\"\">\n\t\t\t\t\t<span style=\"width:0%\">\n\t\t\tRated <strong class=\"rating\">0<\/strong> out of 5\t\t<\/span>\n\t\t\t\t<\/div>\n\n\t\t\n\t\t\t\t\t\t\t\t\t\t\n\t<span class=\"price\"><span class=\"woocommerce-Price-amount amount\"><bdi><span class=\"woocommerce-Price-currencySymbol\">S\/<\/span>&nbsp;500.00<\/bdi><\/span><\/span>\n\t\t\t\t\t\t<div class=\"woocommerce-product-details__short-description\">\n\t<p><span style=\"font-weight: 400;\">Bring calm back into your life with various healing methods including gentle detox diet or juice fasting, cleansing spa treatments, energizing group activities, \u201cmud pool\u201d therapies, tobacco and temazcal ceremonies, wachuma and ayahuasca microdoses, Chi kung, yoga and Andean therapies; rebalance your body and mind with this short juice detox program in Cusco, Peru.<\/span><\/p>\n<\/div>\n\t\t\t\n\t\t\t\n\t\t\t\n\t\t\t<div class=\"wd-add-btn wd-add-btn-replace\">\n\t\t\t\t\n\t\t\t\t<a href=\"\/en\/wp-json\/wp\/v2\/pages\/2566?add-to-cart=2331\" aria-describedby=\"woocommerce_loop_add_to_cart_link_describedby_2331\" data-quantity=\"1\" class=\"button product_type_simple add_to_cart_button ajax_add_to_cart add-to-cart-loop\" data-product_id=\"2331\" data-product_sku=\"retiro-sanacion-emocional\" aria-label=\"Add to cart: \u201cRetiroSanaci\u00f3n Emocional\u201d\" rel=\"nofollow\" data-success_message=\"\u201cRetiro&lt;br&gt;Sanaci\u00f3n Emocional\u201d has been added to your cart\" role=\"button\" data-no-translation-aria-label=\"\" data-no-translation-data-success_message=\"\"><span class=\"wd-action-icon\"><span class=\"wd-check-icon\"><\/span><\/span><span class=\"wd-action-text\" data-no-translation=\"\" data-trp-gettext=\"\">Add to cart<\/span><\/a>\t<span id=\"woocommerce_loop_add_to_cart_link_describedby_2331\" class=\"screen-reader-text\">\n\t\t\t<\/span>\n\t\t\t<\/div>\n\n\t\t\t\t\t<\/div>\n\t<\/div>\n<\/div>\n\t\t\n\t\t\t\t<\/div>\n\t\n\t\t\n\t\t\n\t\t\t\t\t<\/div>\n\t\t\n\t\t\t\t\t\t<\/div>\n\t\t\t\t<\/div>\n\t\t\t\t\t<\/div>\n\t\t\t\t<\/div>\n\t\t\t\t<\/div>","protected":false},"excerpt":{"rendered":"<p>Retiro de sanaci\u00f3n emocional Temazcal+ infoEscuela MedicinalElaboraci\u00f3n de productos+ infoEnt\u00f3genosPr\u00e1cticas tradicionales ind\u00edgenas+ info Ceremonias Aprende mientras vives una experiencia trascendental<\/p>","protected":false},"author":1,"featured_media":0,"parent":0,"menu_order":0,"comment_status":"closed","ping_status":"closed","template":"","meta":{"footnotes":""},"class_list":["post-2566","page","type-page","status-publish","hentry"],"aioseo_notices":[],"_links":{"self":[{"href":"https:\/\/kusyhampina.com\/en\/wp-json\/wp\/v2\/pages\/2566","targetHints":{"allow":["GET"]}}],"collection":[{"href":"https:\/\/kusyhampina.com\/en\/wp-json\/wp\/v2\/pages"}],"about":[{"href":"https:\/\/kusyhampina.com\/en\/wp-json\/wp\/v2\/types\/page"}],"author":[{"embeddable":true,"href":"https:\/\/kusyhampina.com\/en\/wp-json\/wp\/v2\/users\/1"}],"replies":[{"embeddable":true,"href":"https:\/\/kusyhampina.com\/en\/wp-json\/wp\/v2\/comments?post=2566"}],"version-history":[{"count":42,"href":"https:\/\/kusyhampina.com\/en\/wp-json\/wp\/v2\/pages\/2566\/revisions"}],"predecessor-version":[{"id":2978,"href":"https:\/\/kusyhampina.com\/en\/wp-json\/wp\/v2\/pages\/2566\/revisions\/2978"}],"wp:attachment":[{"href":"https:\/\/kusyhampina.com\/en\/wp-json\/wp\/v2\/media?parent=2566"}],"curies":[{"name":"wp","href":"https:\/\/api.w.org\/{rel}","templated":true}]}}