{"id":2247,"date":"2025-08-05T23:49:05","date_gmt":"2025-08-05T23:49:05","guid":{"rendered":"https:\/\/kusyhampina.com\/?page_id=2247"},"modified":"2025-08-13T02:40:20","modified_gmt":"2025-08-13T02:40:20","slug":"reforestacion-biodiversidad","status":"publish","type":"page","link":"https:\/\/kusyhampina.com\/en\/reforestacion-biodiversidad\/","title":{"rendered":"Reforestaci\u00f3n Biodiversidad y Conservaci\u00f3n de Ayahuasca y otras plantas sagradas"},"content":{"rendered":"<div data-elementor-type=\"wp-page\" data-elementor-id=\"2247\" class=\"elementor elementor-2247\" data-elementor-post-type=\"page\">\n\t\t\t\t<div class=\"wd-negative-gap elementor-element elementor-element-6d133a3 e-flex e-con-boxed e-con e-parent\" data-id=\"6d133a3\" data-element_type=\"container\" data-e-type=\"container\">\n\t\t\t\t\t<div class=\"e-con-inner\">\n\t\t\t\t<div class=\"elementor-element elementor-element-a1343c8 elementor-widget elementor-widget-image\" data-id=\"a1343c8\" data-element_type=\"widget\" data-e-type=\"widget\" data-widget_type=\"image.default\">\n\t\t\t\t<div class=\"elementor-widget-container\">\n\t\t\t\t\t\t\t\t\t\t\t\t\t\t\t<img decoding=\"async\" width=\"1408\" height=\"768\" data-src=\"https:\/\/kusyhampina.com\/wp-content\/uploads\/2025\/06\/Image_fx-6.png\" class=\"attachment-full size-full wp-image-1719 lazyload\" alt=\"\" data-srcset=\"https:\/\/kusyhampina.com\/wp-content\/uploads\/2025\/06\/Image_fx-6.png 1408w, https:\/\/kusyhampina.com\/wp-content\/uploads\/2025\/06\/Image_fx-6-430x235.png 430w, https:\/\/kusyhampina.com\/wp-content\/uploads\/2025\/06\/Image_fx-6-190x104.png 190w, https:\/\/kusyhampina.com\/wp-content\/uploads\/2025\/06\/Image_fx-6-700x382.png 700w, https:\/\/kusyhampina.com\/wp-content\/uploads\/2025\/06\/Image_fx-6-400x218.png 400w, https:\/\/kusyhampina.com\/wp-content\/uploads\/2025\/06\/Image_fx-6-1300x709.png 1300w, https:\/\/kusyhampina.com\/wp-content\/uploads\/2025\/06\/Image_fx-6-768x419.png 768w\" data-sizes=\"(max-width: 1408px) 100vw, 1408px\" src=\"data:image\/gif;base64,R0lGODlhAQABAAAAACH5BAEKAAEALAAAAAABAAEAAAICTAEAOw==\" style=\"--smush-placeholder-width: 1408px; --smush-placeholder-aspect-ratio: 1408\/768;\" \/>\t\t\t\t\t\t\t\t\t\t\t\t\t\t\t<\/div>\n\t\t\t\t<\/div>\n\t\t\t\t<div class=\"elementor-element elementor-element-80c5d2c elementor-widget elementor-widget-heading\" data-id=\"80c5d2c\" data-element_type=\"widget\" data-e-type=\"widget\" data-widget_type=\"heading.default\">\n\t\t\t\t<div class=\"elementor-widget-container\">\n\t\t\t\t\t<h1 class=\"elementor-heading-title elementor-size-default\">Reforestaci\u00f3n Biodiversidad y Conservaci\u00f3n de Ayahuasca y otras plantas sagradas \n<\/h1>\t\t\t\t<\/div>\n\t\t\t\t<\/div>\n\t\t\t\t<div class=\"elementor-element elementor-element-d2a7d34 elementor-widget elementor-widget-wd_text_block\" data-id=\"d2a7d34\" data-element_type=\"widget\" data-e-type=\"widget\" data-widget_type=\"wd_text_block.default\">\n\t\t\t\t<div class=\"elementor-widget-container\">\n\t\t\t\t\t\t\t<div class=\"wd-text-block reset-last-child text-left\">\n\t\t\t\n\t\t\t\n\t\t\t\t\t<\/div>\n\t\t\t\t\t\t<\/div>\n\t\t\t\t<\/div>\n\t\t\t\t\t<\/div>\n\t\t\t\t<\/div>\n\t\t<div class=\"elementor-element elementor-element-7e6f7b9 e-con-full e-flex e-con e-parent\" data-id=\"7e6f7b9\" data-element_type=\"container\" data-e-type=\"container\" data-settings=\"{&quot;background_background&quot;:&quot;classic&quot;}\">\n\t\t<div class=\"elementor-element elementor-element-f5935dd e-con-full e-flex e-con e-child\" data-id=\"f5935dd\" data-element_type=\"container\" data-e-type=\"container\" data-settings=\"{&quot;background_background&quot;:&quot;classic&quot;}\">\n\t\t\t\t<div class=\"elementor-element elementor-element-386a307 elementor-widget elementor-widget-spacer\" data-id=\"386a307\" data-element_type=\"widget\" data-e-type=\"widget\" data-widget_type=\"spacer.default\">\n\t\t\t\t<div class=\"elementor-widget-container\">\n\t\t\t\t\t\t\t<div class=\"elementor-spacer\">\n\t\t\t<div class=\"elementor-spacer-inner\"><\/div>\n\t\t<\/div>\n\t\t\t\t\t\t<\/div>\n\t\t\t\t<\/div>\n\t\t\t\t<div class=\"elementor-element elementor-element-f5679d9 elementor-widget elementor-widget-image\" data-id=\"f5679d9\" data-element_type=\"widget\" data-e-type=\"widget\" data-widget_type=\"image.default\">\n\t\t\t\t<div class=\"elementor-widget-container\">\n\t\t\t\t\t\t\t\t\t\t\t\t<figure class=\"wp-caption\">\n\t\t\t\t\t\t\t\t\t\t<img decoding=\"async\" width=\"2048\" height=\"1365\" data-src=\"https:\/\/kusyhampina.com\/wp-content\/uploads\/2025\/08\/Bari-Wesna-reforestacion-Ucayali.jpg\" class=\"attachment-full size-full wp-image-2443 lazyload\" alt=\"\" data-srcset=\"https:\/\/kusyhampina.com\/wp-content\/uploads\/2025\/08\/Bari-Wesna-reforestacion-Ucayali.jpg 2048w, https:\/\/kusyhampina.com\/wp-content\/uploads\/2025\/08\/Bari-Wesna-reforestacion-Ucayali-430x287.jpg 430w, https:\/\/kusyhampina.com\/wp-content\/uploads\/2025\/08\/Bari-Wesna-reforestacion-Ucayali-190x127.jpg 190w, https:\/\/kusyhampina.com\/wp-content\/uploads\/2025\/08\/Bari-Wesna-reforestacion-Ucayali-700x467.jpg 700w, https:\/\/kusyhampina.com\/wp-content\/uploads\/2025\/08\/Bari-Wesna-reforestacion-Ucayali-400x267.jpg 400w, https:\/\/kusyhampina.com\/wp-content\/uploads\/2025\/08\/Bari-Wesna-reforestacion-Ucayali-1200x800.jpg 1200w, https:\/\/kusyhampina.com\/wp-content\/uploads\/2025\/08\/Bari-Wesna-reforestacion-Ucayali-768x512.jpg 768w, https:\/\/kusyhampina.com\/wp-content\/uploads\/2025\/08\/Bari-Wesna-reforestacion-Ucayali-1536x1024.jpg 1536w\" data-sizes=\"(max-width: 2048px) 100vw, 2048px\" src=\"data:image\/gif;base64,R0lGODlhAQABAAAAACH5BAEKAAEALAAAAAABAAEAAAICTAEAOw==\" style=\"--smush-placeholder-width: 2048px; --smush-placeholder-aspect-ratio: 2048\/1365;\" \/>\t\t\t\t\t\t\t\t\t\t\t<figcaption class=\"widget-image-caption wp-caption-text\"><\/figcaption>\n\t\t\t\t\t\t\t\t\t\t<\/figure>\n\t\t\t\t\t\t\t\t\t<\/div>\n\t\t\t\t<\/div>\n\t\t\t\t<div class=\"elementor-element elementor-element-c08ae4b elementor-widget__width-initial elementor-widget elementor-widget-spacer\" data-id=\"c08ae4b\" data-element_type=\"widget\" data-e-type=\"widget\" data-widget_type=\"spacer.default\">\n\t\t\t\t<div class=\"elementor-widget-container\">\n\t\t\t\t\t\t\t<div class=\"elementor-spacer\">\n\t\t\t<div class=\"elementor-spacer-inner\"><\/div>\n\t\t<\/div>\n\t\t\t\t\t\t<\/div>\n\t\t\t\t<\/div>\n\t\t\t\t<div class=\"elementor-element elementor-element-706bd97 elementor-widget__width-inherit color-scheme-inherit text-left elementor-widget elementor-widget-text-editor\" data-id=\"706bd97\" data-element_type=\"widget\" data-e-type=\"widget\" data-widget_type=\"text-editor.default\">\n\t\t\t\t<div class=\"elementor-widget-container\">\n\t\t\t\t\t\t\t\t\t<p><span style=\"color: #ffffff;\">Am\u00e9rica Latina, pa\u00edses como Per\u00fa y Chile cuentan con una rica historia vinculada al conocimiento ancestral de las comunidades ind\u00edgenas y campesinas. Este conocimiento abarca las propiedades bot\u00e1nicas y terap\u00e9uticas de plantas nativas y no nativas, utilizadas enteras o en forma de extractos. Algunos ejemplos incluyen la quinina del \u00e1rbol de la quina para la malaria, la coca\u00edna de las hojas de coca como anest\u00e9sico y algas secas ricas en yodo para prevenir el bocio.<\/span><\/p><p><span style=\"color: #ffffff;\">Otro ejemplo proviene de la medicina tradicional. En la d\u00e9cada de 1930, el sacerdote y bot\u00e1nico austriaco Martin Gusinde document\u00f3 el uso de m\u00e1s de 350 plantas medicinales en Chile. La documentaci\u00f3n m\u00e1s reciente identifica solo alrededor de la mitad de ese n\u00famero. Muchas de esas especies ya no se encuentran. Lo mismo ocurre en Per\u00fa.<\/span><\/p><p><span style=\"color: #ffffff;\">La medicina tradicional se utiliza cada vez m\u00e1s junto con la medicina moderna. La Organizaci\u00f3n Mundial de la Salud (OMS) y la Organizaci\u00f3n Panamericana de la Salud (OPS) reconocen la medicina tradicional y el uso terap\u00e9utico de plantas nativas. En consonancia con estos principios, en 2017, un documento de pol\u00edtica sobre etnicidad y salud abog\u00f3 por perspectivas de salud intercultural que incluyeran las pr\u00e1cticas ancestrales y espirituales de los pueblos ind\u00edgenas.<\/span><\/p>\t\t\t\t\t\t\t\t<\/div>\n\t\t\t\t<\/div>\n\t\t\t\t<div class=\"elementor-element elementor-element-8be3c07 elementor-widget__width-initial elementor-widget elementor-widget-spacer\" data-id=\"8be3c07\" data-element_type=\"widget\" data-e-type=\"widget\" data-widget_type=\"spacer.default\">\n\t\t\t\t<div class=\"elementor-widget-container\">\n\t\t\t\t\t\t\t<div class=\"elementor-spacer\">\n\t\t\t<div class=\"elementor-spacer-inner\"><\/div>\n\t\t<\/div>\n\t\t\t\t\t\t<\/div>\n\t\t\t\t<\/div>\n\t\t\t\t<\/div>\n\t\t\t\t<div class=\"elementor-element elementor-element-8fd0028 elementor-widget__width-initial elementor-widget elementor-widget-spacer\" data-id=\"8fd0028\" data-element_type=\"widget\" data-e-type=\"widget\" data-widget_type=\"spacer.default\">\n\t\t\t\t<div class=\"elementor-widget-container\">\n\t\t\t\t\t\t\t<div class=\"elementor-spacer\">\n\t\t\t<div class=\"elementor-spacer-inner\"><\/div>\n\t\t<\/div>\n\t\t\t\t\t\t<\/div>\n\t\t\t\t<\/div>\n\t\t\t\t<div class=\"elementor-element elementor-element-47390fb elementor-widget__width-initial elementor-widget elementor-widget-spacer\" data-id=\"47390fb\" data-element_type=\"widget\" data-e-type=\"widget\" data-widget_type=\"spacer.default\">\n\t\t\t\t<div class=\"elementor-widget-container\">\n\t\t\t\t\t\t\t<div class=\"elementor-spacer\">\n\t\t\t<div class=\"elementor-spacer-inner\"><\/div>\n\t\t<\/div>\n\t\t\t\t\t\t<\/div>\n\t\t\t\t<\/div>\n\t\t<div class=\"elementor-element elementor-element-905c8c3 e-con-full e-flex e-con e-child\" data-id=\"905c8c3\" data-element_type=\"container\" data-e-type=\"container\">\n\t\t\t\t<div class=\"elementor-element elementor-element-78d7a08 elementor-widget elementor-widget-spacer\" data-id=\"78d7a08\" data-element_type=\"widget\" data-e-type=\"widget\" data-widget_type=\"spacer.default\">\n\t\t\t\t<div class=\"elementor-widget-container\">\n\t\t\t\t\t\t\t<div class=\"elementor-spacer\">\n\t\t\t<div class=\"elementor-spacer-inner\"><\/div>\n\t\t<\/div>\n\t\t\t\t\t\t<\/div>\n\t\t\t\t<\/div>\n\t\t\t\t<div class=\"elementor-element elementor-element-2dd645b elementor-widget elementor-widget-spacer\" data-id=\"2dd645b\" data-element_type=\"widget\" data-e-type=\"widget\" data-widget_type=\"spacer.default\">\n\t\t\t\t<div class=\"elementor-widget-container\">\n\t\t\t\t\t\t\t<div class=\"elementor-spacer\">\n\t\t\t<div class=\"elementor-spacer-inner\"><\/div>\n\t\t<\/div>\n\t\t\t\t\t\t<\/div>\n\t\t\t\t<\/div>\n\t\t\t\t<div class=\"elementor-element elementor-element-f4a5e75 elementor-widget__width-initial text-center color-scheme-inherit elementor-widget elementor-widget-text-editor\" data-id=\"f4a5e75\" data-element_type=\"widget\" data-e-type=\"widget\" data-widget_type=\"text-editor.default\">\n\t\t\t\t<div class=\"elementor-widget-container\">\n\t\t\t\t\t\t\t\t\t<div style=\"text-align: center;\"><blockquote><p><span style=\"color: #ffffff;\">Juntos con maestras y maestros Shipibo Konibo en mantener la biodiversidad de la Amazonia peruana.<\/span><\/p><\/blockquote><\/div>\t\t\t\t\t\t\t\t<\/div>\n\t\t\t\t<\/div>\n\t\t\t\t<div class=\"elementor-element elementor-element-742b614 elementor-widget elementor-widget-spacer\" data-id=\"742b614\" data-element_type=\"widget\" data-e-type=\"widget\" data-widget_type=\"spacer.default\">\n\t\t\t\t<div class=\"elementor-widget-container\">\n\t\t\t\t\t\t\t<div class=\"elementor-spacer\">\n\t\t\t<div class=\"elementor-spacer-inner\"><\/div>\n\t\t<\/div>\n\t\t\t\t\t\t<\/div>\n\t\t\t\t<\/div>\n\t\t\t\t<div class=\"elementor-element elementor-element-1305a41 elementor-widget elementor-widget-spacer\" data-id=\"1305a41\" data-element_type=\"widget\" data-e-type=\"widget\" data-widget_type=\"spacer.default\">\n\t\t\t\t<div class=\"elementor-widget-container\">\n\t\t\t\t\t\t\t<div class=\"elementor-spacer\">\n\t\t\t<div class=\"elementor-spacer-inner\"><\/div>\n\t\t<\/div>\n\t\t\t\t\t\t<\/div>\n\t\t\t\t<\/div>\n\t\t\t\t<div class=\"elementor-element elementor-element-65a0a97 elementor-widget__width-inherit color-scheme-inherit text-left elementor-widget elementor-widget-text-editor\" data-id=\"65a0a97\" data-element_type=\"widget\" data-e-type=\"widget\" data-widget_type=\"text-editor.default\">\n\t\t\t\t<div class=\"elementor-widget-container\">\n\t\t\t\t\t\t\t\t\t<p><span style=\"color: #ffffff; font-size: 16px;\">Sobre esta base, la OMS organiz\u00f3 en 2023 su primera cumbre mundial sobre Medicina Tradicional y Complementaria (T&amp;CM) para promover la integraci\u00f3n de estas pr\u00e1cticas, seguras y basadas en evidencia, en los sistemas de salud nacionales. Per\u00fa ha reconocido el rol de curanderos y practicantes tradicionales, incorpor\u00e1ndolos al sistema nacional de salud. En Chile, existen varios hospitales interculturales que ofrecen medicina tradicional junto con medicina occidental, especialmente en la zona de Temuco, donde habita la mayor parte de la poblaci\u00f3n ind\u00edgena. Esta integraci\u00f3n resulta particularmente beneficiosa para el tratamiento de problemas respiratorios, gastrointestinales, dolores, inflamaciones e incluso problemas de salud mental.<\/span><\/p>\t\t\t\t\t\t\t\t<\/div>\n\t\t\t\t<\/div>\n\t\t\t\t<div class=\"elementor-element elementor-element-d6d9934 elementor-widget elementor-widget-spacer\" data-id=\"d6d9934\" data-element_type=\"widget\" data-e-type=\"widget\" data-widget_type=\"spacer.default\">\n\t\t\t\t<div class=\"elementor-widget-container\">\n\t\t\t\t\t\t\t<div class=\"elementor-spacer\">\n\t\t\t<div class=\"elementor-spacer-inner\"><\/div>\n\t\t<\/div>\n\t\t\t\t\t\t<\/div>\n\t\t\t\t<\/div>\n\t\t\t\t<div class=\"elementor-element elementor-element-0639422 elementor-widget elementor-widget-image\" data-id=\"0639422\" data-element_type=\"widget\" data-e-type=\"widget\" data-widget_type=\"image.default\">\n\t\t\t\t<div class=\"elementor-widget-container\">\n\t\t\t\t\t\t\t\t\t\t\t\t\t\t\t<img decoding=\"async\" width=\"480\" height=\"480\" data-src=\"https:\/\/kusyhampina.com\/wp-content\/uploads\/2025\/08\/454713315_10161837815549396_7829514894471001303_n-e1754439164101.jpg\" class=\"attachment-full size-full wp-image-2249 lazyload\" alt=\"\" data-srcset=\"https:\/\/kusyhampina.com\/wp-content\/uploads\/2025\/08\/454713315_10161837815549396_7829514894471001303_n-e1754439164101.jpg 480w, https:\/\/kusyhampina.com\/wp-content\/uploads\/2025\/08\/454713315_10161837815549396_7829514894471001303_n-e1754439164101-430x430.jpg 430w, https:\/\/kusyhampina.com\/wp-content\/uploads\/2025\/08\/454713315_10161837815549396_7829514894471001303_n-e1754439164101-190x190.jpg 190w, https:\/\/kusyhampina.com\/wp-content\/uploads\/2025\/08\/454713315_10161837815549396_7829514894471001303_n-e1754439164101-300x300.jpg 300w, https:\/\/kusyhampina.com\/wp-content\/uploads\/2025\/08\/454713315_10161837815549396_7829514894471001303_n-e1754439164101-150x150.jpg 150w\" data-sizes=\"(max-width: 480px) 100vw, 480px\" src=\"data:image\/gif;base64,R0lGODlhAQABAAAAACH5BAEKAAEALAAAAAABAAEAAAICTAEAOw==\" style=\"--smush-placeholder-width: 480px; --smush-placeholder-aspect-ratio: 480\/480;\" \/>\t\t\t\t\t\t\t\t\t\t\t\t\t\t\t<\/div>\n\t\t\t\t<\/div>\n\t\t\t\t<div class=\"elementor-element elementor-element-5187060 elementor-widget elementor-widget-spacer\" data-id=\"5187060\" data-element_type=\"widget\" data-e-type=\"widget\" data-widget_type=\"spacer.default\">\n\t\t\t\t<div class=\"elementor-widget-container\">\n\t\t\t\t\t\t\t<div class=\"elementor-spacer\">\n\t\t\t<div class=\"elementor-spacer-inner\"><\/div>\n\t\t<\/div>\n\t\t\t\t\t\t<\/div>\n\t\t\t\t<\/div>\n\t\t\t\t<div class=\"elementor-element elementor-element-da8aafa elementor-widget elementor-widget-spacer\" data-id=\"da8aafa\" data-element_type=\"widget\" data-e-type=\"widget\" data-widget_type=\"spacer.default\">\n\t\t\t\t<div class=\"elementor-widget-container\">\n\t\t\t\t\t\t\t<div class=\"elementor-spacer\">\n\t\t\t<div class=\"elementor-spacer-inner\"><\/div>\n\t\t<\/div>\n\t\t\t\t\t\t<\/div>\n\t\t\t\t<\/div>\n\t\t\t\t<\/div>\n\t\t\t\t<\/div>\n\t\t<div class=\"wd-negative-gap elementor-element elementor-element-9984f70 e-flex e-con-boxed e-con e-parent\" data-id=\"9984f70\" data-element_type=\"container\" data-e-type=\"container\" data-settings=\"{&quot;background_background&quot;:&quot;classic&quot;}\">\n\t\t\t\t\t<div class=\"e-con-inner\">\n\t\t\t\t<div class=\"elementor-element elementor-element-bb8e8ab elementor-widget__width-inherit color-scheme-inherit text-left elementor-widget elementor-widget-text-editor\" data-id=\"bb8e8ab\" data-element_type=\"widget\" data-e-type=\"widget\" data-widget_type=\"text-editor.default\">\n\t\t\t\t<div class=\"elementor-widget-container\">\n\t\t\t\t\t\t\t\t\t<p style=\"font-style: normal; font-variant-ligatures: normal; font-variant-caps: normal; font-weight: 500; font-family: SatoshiVariable, Arial, Helvetica, sans-serif; font-size: 16px;\"><span style=\"font-size: 16px; color: #ffffff;\">La biodiversidad tambi\u00e9n representa una fuente importante de nuevos medicamentos, con aproximadamente el 40% de los medicamentos aprobados por la FDA derivados de compuestos naturales, ya sea directamente de plantas o como imitaciones sint\u00e9ticas. Esto es especialmente cierto en el caso de los medicamentos contra el c\u00e1ncer. A pesar de d\u00e9cadas de exploraci\u00f3n bot\u00e1nica, muchas especies de flora diversa a\u00fan no han sido caracterizadas y podr\u00edan ofrecer compuestos bioactivos clave para medicamentos terap\u00e9uticos modernos. Esta frontera abre oportunidades para avances cient\u00edficos con el apoyo de tecnolog\u00edas modernas.<\/span><\/p><p style=\"font-style: normal; font-variant-ligatures: normal; font-variant-caps: normal; font-weight: 500; font-family: SatoshiVariable, Arial, Helvetica, sans-serif; font-size: 16px;\"><span style=\"font-size: 16px; color: #ffffff;\">Brasil, Costa Rica y Colombia est\u00e1n a la vanguardia en investigaci\u00f3n y desarrollo, generando medicamentos prometedores derivados de productos naturales. Aunque en etapas iniciales, Per\u00fa y Chile tambi\u00e9n demuestran potencial con sus investigaciones en curso sobre algas marinas con implicaciones terap\u00e9uticas.<\/span><\/p>\t\t\t\t\t\t\t\t<\/div>\n\t\t\t\t<\/div>\n\t\t\t\t<div class=\"elementor-element elementor-element-b2d8300 elementor-widget elementor-widget-spacer\" data-id=\"b2d8300\" data-element_type=\"widget\" data-e-type=\"widget\" data-widget_type=\"spacer.default\">\n\t\t\t\t<div class=\"elementor-widget-container\">\n\t\t\t\t\t\t\t<div class=\"elementor-spacer\">\n\t\t\t<div class=\"elementor-spacer-inner\"><\/div>\n\t\t<\/div>\n\t\t\t\t\t\t<\/div>\n\t\t\t\t<\/div>\n\t\t\t\t\t<\/div>\n\t\t\t\t<\/div>\n\t\t\t\t<\/div>","protected":false},"excerpt":{"rendered":"<p>Reforestaci\u00f3n Biodiversidad y Conservaci\u00f3n de Ayahuasca y otras plantas sagradas Am\u00e9rica Latina, pa\u00edses como Per\u00fa y Chile cuentan con una<\/p>","protected":false},"author":1,"featured_media":0,"parent":0,"menu_order":0,"comment_status":"closed","ping_status":"closed","template":"elementor_header_footer","meta":{"footnotes":""},"class_list":["post-2247","page","type-page","status-publish","hentry"],"aioseo_notices":[],"_links":{"self":[{"href":"https:\/\/kusyhampina.com\/en\/wp-json\/wp\/v2\/pages\/2247","targetHints":{"allow":["GET"]}}],"collection":[{"href":"https:\/\/kusyhampina.com\/en\/wp-json\/wp\/v2\/pages"}],"about":[{"href":"https:\/\/kusyhampina.com\/en\/wp-json\/wp\/v2\/types\/page"}],"author":[{"embeddable":true,"href":"https:\/\/kusyhampina.com\/en\/wp-json\/wp\/v2\/users\/1"}],"replies":[{"embeddable":true,"href":"https:\/\/kusyhampina.com\/en\/wp-json\/wp\/v2\/comments?post=2247"}],"version-history":[{"count":32,"href":"https:\/\/kusyhampina.com\/en\/wp-json\/wp\/v2\/pages\/2247\/revisions"}],"predecessor-version":[{"id":2448,"href":"https:\/\/kusyhampina.com\/en\/wp-json\/wp\/v2\/pages\/2247\/revisions\/2448"}],"wp:attachment":[{"href":"https:\/\/kusyhampina.com\/en\/wp-json\/wp\/v2\/media?parent=2247"}],"curies":[{"name":"wp","href":"https:\/\/api.w.org\/{rel}","templated":true}]}}